{"id":169,"date":"2016-10-27T19:25:06","date_gmt":"2016-10-27T19:25:06","guid":{"rendered":"http:\/\/demade.com.br\/request-quote\/"},"modified":"2018-03-02T14:28:05","modified_gmt":"2018-03-02T14:28:05","slug":"request-quote","status":"publish","type":"page","link":"https:\/\/comavemoveis.com.br\/site\/request-quote\/","title":{"rendered":"Request a Quote"},"content":{"rendered":"<p>[et_pb_section bb_built=&#8221;1&#8243; fullwidth=&#8221;off&#8221; specialty=&#8221;off&#8221; background_image=&#8221;https:\/\/comavemoveis.com.br\/site\/wp-content\/uploads\/2016\/10\/topo-orcamento-min.jpg&#8221; transparent_background=&#8221;off&#8221; allow_player_pause=&#8221;off&#8221; inner_shadow=&#8221;off&#8221; parallax=&#8221;off&#8221; parallax_method=&#8221;off&#8221; custom_padding=&#8221;120px||120px|&#8221; make_fullwidth=&#8221;off&#8221; use_custom_width=&#8221;off&#8221; width_unit=&#8221;on&#8221; make_equal=&#8221;off&#8221; use_custom_gutter=&#8221;off&#8221; prev_background_color=&#8221;#000000&#8243; next_background_color=&#8221;#ffffff&#8221;][et_pb_row background_position=&#8221;top_left&#8221; background_repeat=&#8221;repeat&#8221; background_size=&#8221;initial&#8221;][et_pb_column type=&#8221;4_4&#8243;][\/et_pb_column][\/et_pb_row][\/et_pb_section][et_pb_section bb_built=&#8221;1&#8243; fullwidth=&#8221;off&#8221; specialty=&#8221;off&#8221; prev_background_color=&#8221;#000000&#8243; next_background_color=&#8221;#000000&#8243;][et_pb_row background_position=&#8221;top_left&#8221; background_repeat=&#8221;repeat&#8221; background_size=&#8221;initial&#8221;][et_pb_column type=&#8221;4_4&#8243;][et_pb_text admin_label=&#8221;Solicite um Or\u00e7amento&#8221; background_layout=&#8221;light&#8221; text_orientation=&#8221;left&#8221; use_border_color=&#8221;off&#8221; border_color=&#8221;#ffffff&#8221; border_style=&#8221;solid&#8221; background_position=&#8221;top_left&#8221; background_repeat=&#8221;repeat&#8221; background_size=&#8221;initial&#8221;]<\/p>\n<h2 style=\"text-align: center;\"><strong>Solicite um Or\u00e7amento<\/strong><\/h2>\n<p>[\/et_pb_text][\/et_pb_column][\/et_pb_row][et_pb_row background_position=&#8221;top_left&#8221; background_repeat=&#8221;repeat&#8221; background_size=&#8221;initial&#8221;][et_pb_column type=&#8221;4_4&#8243;][et_pb_text admin_label=&#8221;Fa\u00e7a um or\u00e7amento sem compromisso e assim que poss\u00edvel entraremos em contato.&#8221; background_layout=&#8221;light&#8221; text_orientation=&#8221;left&#8221; text_font_size=&#8221;15&#8243; use_border_color=&#8221;off&#8221; border_color=&#8221;#ffffff&#8221; border_style=&#8221;solid&#8221; background_position=&#8221;top_left&#8221; background_repeat=&#8221;repeat&#8221; background_size=&#8221;initial&#8221;]<\/p>\n<p style=\"text-align: center;\">Fa\u00e7a um or\u00e7amento sem compromisso e assim que poss\u00edvel entraremos em contato.<\/p>\n<p>[\/et_pb_text][\/et_pb_column][\/et_pb_row][\/et_pb_section][et_pb_section bb_built=&#8221;1&#8243; admin_label=&#8221;section&#8221; prev_background_color=&#8221;#000000&#8243;][et_pb_row admin_label=&#8221;row&#8221; background_position=&#8221;top_left&#8221; background_repeat=&#8221;repeat&#8221; background_size=&#8221;initial&#8221;][et_pb_column type=&#8221;4_4&#8243;][et_pb_text background_layout=&#8221;light&#8221; text_orientation=&#8221;left&#8221; use_border_color=&#8221;off&#8221; border_color=&#8221;#ffffff&#8221; border_style=&#8221;solid&#8221; background_position=&#8221;top_left&#8221; background_repeat=&#8221;repeat&#8221; background_size=&#8221;initial&#8221; _builder_version=&#8221;3.0.105&#8243;]<\/p>\n<p style=\"text-align: center;\">\n<div class=\"woocommerce ywraq-wrapper ywraq-empty\">\n\t\t\t<div id=\"yith-ywraq-message\"><div class=\"ywraq-question-message\">\n\t<\/div>\n<\/div>\n\t\t\n\t\t\t\t<div class=\"ywraq-form-table-wrapper \">\n\t\t\t<div class=\"ywraq-before-form\">\n\t<p class=\"ywraq_list_empty_message\">Sua lista est\u00e1 vazia, adicione produtos \u00e0 lista para enviar uma solicita\u00e7\u00e3o<p><p class=\"return-to-shop\"><a class=\"button wc-backward\" href=\"http:\/\/comavemoveis.com.br\/site\/loja\/\">Retornar para a Loja<\/a><\/p><\/div>\n\t\t\t\t\t<\/div>\n\t<\/div>\n<\/p>\n<p>[\/et_pb_text][\/et_pb_column][\/et_pb_row][\/et_pb_section]<\/p>\n","protected":false},"excerpt":{"rendered":"<p>Solicite um Or\u00e7amento Fa\u00e7a um or\u00e7amento sem compromisso e assim que poss\u00edvel entraremos em contato. \n<div class=\"woocommerce ywraq-wrapper ywraq-empty\">\n\t\t\t<div id=\"yith-ywraq-message\"><div class=\"ywraq-question-message\">\n\t<\/div>\n<\/div>\n\t\t\n\t\t\t\t<div class=\"ywraq-form-table-wrapper \">\n\t\t\t<div class=\"ywraq-before-form\">\n\t<p class=\"ywraq_list_empty_message\">Sua lista est\u00e1 vazia, adicione produtos \u00e0 lista para enviar uma solicita\u00e7\u00e3o<p><p class=\"return-to-shop\"><a class=\"button wc-backward\" href=\"http:\/\/comavemoveis.com.br\/site\/loja\/\">Retornar para a Loja<\/a><\/p><\/div>\n\t\t\t\t\t<\/div>\n\t<\/div>\n<\/p>\n","protected":false},"author":2,"featured_media":0,"parent":0,"menu_order":0,"comment_status":"closed","ping_status":"closed","template":"","meta":{"_et_pb_use_builder":"on","_et_pb_old_content":"<p>[yith_ywraq_request_quote]<\/p>","_et_gb_content_width":"","_joinchat":[],"footnotes":""},"class_list":["post-169","page","type-page","status-publish","hentry"],"yoast_head":"<!-- This site is optimized with the Yoast SEO plugin v27.0 - https:\/\/yoast.com\/product\/yoast-seo-wordpress\/ -->\n<title>Request a Quote - Comave<\/title>\n<meta name=\"robots\" content=\"index, follow, max-snippet:-1, max-image-preview:large, max-video-preview:-1\" \/>\n<link rel=\"canonical\" href=\"https:\/\/comavemoveis.com.br\/site\/request-quote\/\" \/>\n<meta property=\"og:locale\" content=\"pt_BR\" \/>\n<meta property=\"og:type\" content=\"article\" \/>\n<meta property=\"og:title\" content=\"Request a Quote - Comave\" \/>\n<meta property=\"og:description\" content=\"Solicite um Or\u00e7amento Fa\u00e7a um or\u00e7amento sem compromisso e assim que poss\u00edvel entraremos em contato.\" \/>\n<meta property=\"og:url\" content=\"https:\/\/comavemoveis.com.br\/site\/request-quote\/\" \/>\n<meta property=\"og:site_name\" content=\"Comave\" \/>\n<meta property=\"article:publisher\" content=\"https:\/\/web.facebook.com\/Comavemoveis\" \/>\n<meta property=\"article:modified_time\" content=\"2018-03-02T14:28:05+00:00\" \/>\n<meta name=\"twitter:card\" content=\"summary_large_image\" \/>\n<meta name=\"twitter:label1\" content=\"Est. tempo de leitura\" \/>\n\t<meta name=\"twitter:data1\" content=\"2 minutos\" \/>\n<script type=\"application\/ld+json\" class=\"yoast-schema-graph\">{\"@context\":\"https:\/\/schema.org\",\"@graph\":[{\"@type\":\"WebPage\",\"@id\":\"https:\/\/comavemoveis.com.br\/site\/request-quote\/\",\"url\":\"https:\/\/comavemoveis.com.br\/site\/request-quote\/\",\"name\":\"Request a Quote - Comave\",\"isPartOf\":{\"@id\":\"https:\/\/comavemoveis.com.br\/site\/#website\"},\"datePublished\":\"2016-10-27T19:25:06+00:00\",\"dateModified\":\"2018-03-02T14:28:05+00:00\",\"breadcrumb\":{\"@id\":\"https:\/\/comavemoveis.com.br\/site\/request-quote\/#breadcrumb\"},\"inLanguage\":\"pt-BR\",\"potentialAction\":[{\"@type\":\"ReadAction\",\"target\":[\"https:\/\/comavemoveis.com.br\/site\/request-quote\/\"]}]},{\"@type\":\"BreadcrumbList\",\"@id\":\"https:\/\/comavemoveis.com.br\/site\/request-quote\/#breadcrumb\",\"itemListElement\":[{\"@type\":\"ListItem\",\"position\":1,\"name\":\"In\u00edcio\",\"item\":\"https:\/\/comavemoveis.com.br\/site\/\"},{\"@type\":\"ListItem\",\"position\":2,\"name\":\"Request a Quote\"}]},{\"@type\":\"WebSite\",\"@id\":\"https:\/\/comavemoveis.com.br\/site\/#website\",\"url\":\"https:\/\/comavemoveis.com.br\/site\/\",\"name\":\"Comave\",\"description\":\"M\u00f3veis para Escrit\u00f3rio em Jundia\u00ed\",\"publisher\":{\"@id\":\"https:\/\/comavemoveis.com.br\/site\/#organization\"},\"potentialAction\":[{\"@type\":\"SearchAction\",\"target\":{\"@type\":\"EntryPoint\",\"urlTemplate\":\"https:\/\/comavemoveis.com.br\/site\/?s={search_term_string}\"},\"query-input\":{\"@type\":\"PropertyValueSpecification\",\"valueRequired\":true,\"valueName\":\"search_term_string\"}}],\"inLanguage\":\"pt-BR\"},{\"@type\":\"Organization\",\"@id\":\"https:\/\/comavemoveis.com.br\/site\/#organization\",\"name\":\"Comave\",\"url\":\"https:\/\/comavemoveis.com.br\/site\/\",\"logo\":{\"@type\":\"ImageObject\",\"inLanguage\":\"pt-BR\",\"@id\":\"https:\/\/comavemoveis.com.br\/site\/#\/schema\/logo\/image\/\",\"url\":\"https:\/\/comavemoveis.com.br\/site\/wp-content\/uploads\/2016\/11\/comave2.jpg\",\"contentUrl\":\"https:\/\/comavemoveis.com.br\/site\/wp-content\/uploads\/2016\/11\/comave2.jpg\",\"width\":148,\"height\":90,\"caption\":\"Comave\"},\"image\":{\"@id\":\"https:\/\/comavemoveis.com.br\/site\/#\/schema\/logo\/image\/\"},\"sameAs\":[\"https:\/\/web.facebook.com\/Comavemoveis\"]}]}<\/script>\n<!-- \/ Yoast SEO plugin. -->","yoast_head_json":{"title":"Request a Quote - Comave","robots":{"index":"index","follow":"follow","max-snippet":"max-snippet:-1","max-image-preview":"max-image-preview:large","max-video-preview":"max-video-preview:-1"},"canonical":"https:\/\/comavemoveis.com.br\/site\/request-quote\/","og_locale":"pt_BR","og_type":"article","og_title":"Request a Quote - Comave","og_description":"Solicite um Or\u00e7amento Fa\u00e7a um or\u00e7amento sem compromisso e assim que poss\u00edvel entraremos em contato.","og_url":"https:\/\/comavemoveis.com.br\/site\/request-quote\/","og_site_name":"Comave","article_publisher":"https:\/\/web.facebook.com\/Comavemoveis","article_modified_time":"2018-03-02T14:28:05+00:00","twitter_card":"summary_large_image","twitter_misc":{"Est. tempo de leitura":"2 minutos"},"schema":{"@context":"https:\/\/schema.org","@graph":[{"@type":"WebPage","@id":"https:\/\/comavemoveis.com.br\/site\/request-quote\/","url":"https:\/\/comavemoveis.com.br\/site\/request-quote\/","name":"Request a Quote - Comave","isPartOf":{"@id":"https:\/\/comavemoveis.com.br\/site\/#website"},"datePublished":"2016-10-27T19:25:06+00:00","dateModified":"2018-03-02T14:28:05+00:00","breadcrumb":{"@id":"https:\/\/comavemoveis.com.br\/site\/request-quote\/#breadcrumb"},"inLanguage":"pt-BR","potentialAction":[{"@type":"ReadAction","target":["https:\/\/comavemoveis.com.br\/site\/request-quote\/"]}]},{"@type":"BreadcrumbList","@id":"https:\/\/comavemoveis.com.br\/site\/request-quote\/#breadcrumb","itemListElement":[{"@type":"ListItem","position":1,"name":"In\u00edcio","item":"https:\/\/comavemoveis.com.br\/site\/"},{"@type":"ListItem","position":2,"name":"Request a Quote"}]},{"@type":"WebSite","@id":"https:\/\/comavemoveis.com.br\/site\/#website","url":"https:\/\/comavemoveis.com.br\/site\/","name":"Comave","description":"M\u00f3veis para Escrit\u00f3rio em Jundia\u00ed","publisher":{"@id":"https:\/\/comavemoveis.com.br\/site\/#organization"},"potentialAction":[{"@type":"SearchAction","target":{"@type":"EntryPoint","urlTemplate":"https:\/\/comavemoveis.com.br\/site\/?s={search_term_string}"},"query-input":{"@type":"PropertyValueSpecification","valueRequired":true,"valueName":"search_term_string"}}],"inLanguage":"pt-BR"},{"@type":"Organization","@id":"https:\/\/comavemoveis.com.br\/site\/#organization","name":"Comave","url":"https:\/\/comavemoveis.com.br\/site\/","logo":{"@type":"ImageObject","inLanguage":"pt-BR","@id":"https:\/\/comavemoveis.com.br\/site\/#\/schema\/logo\/image\/","url":"https:\/\/comavemoveis.com.br\/site\/wp-content\/uploads\/2016\/11\/comave2.jpg","contentUrl":"https:\/\/comavemoveis.com.br\/site\/wp-content\/uploads\/2016\/11\/comave2.jpg","width":148,"height":90,"caption":"Comave"},"image":{"@id":"https:\/\/comavemoveis.com.br\/site\/#\/schema\/logo\/image\/"},"sameAs":["https:\/\/web.facebook.com\/Comavemoveis"]}]}},"_links":{"self":[{"href":"https:\/\/comavemoveis.com.br\/site\/wp-json\/wp\/v2\/pages\/169","targetHints":{"allow":["GET"]}}],"collection":[{"href":"https:\/\/comavemoveis.com.br\/site\/wp-json\/wp\/v2\/pages"}],"about":[{"href":"https:\/\/comavemoveis.com.br\/site\/wp-json\/wp\/v2\/types\/page"}],"author":[{"embeddable":true,"href":"https:\/\/comavemoveis.com.br\/site\/wp-json\/wp\/v2\/users\/2"}],"replies":[{"embeddable":true,"href":"https:\/\/comavemoveis.com.br\/site\/wp-json\/wp\/v2\/comments?post=169"}],"version-history":[{"count":7,"href":"https:\/\/comavemoveis.com.br\/site\/wp-json\/wp\/v2\/pages\/169\/revisions"}],"predecessor-version":[{"id":1208,"href":"https:\/\/comavemoveis.com.br\/site\/wp-json\/wp\/v2\/pages\/169\/revisions\/1208"}],"wp:attachment":[{"href":"https:\/\/comavemoveis.com.br\/site\/wp-json\/wp\/v2\/media?parent=169"}],"curies":[{"name":"wp","href":"https:\/\/api.w.org\/{rel}","templated":true}]}}