{"id":3589,"date":"2025-07-15T09:46:15","date_gmt":"2025-07-15T12:46:15","guid":{"rendered":"https:\/\/comavemoveis.com.br\/site\/?post_type=product&#038;p=3589"},"modified":"2025-07-15T09:46:15","modified_gmt":"2025-07-15T12:46:15","slug":"bancada-industrial-isma-tampo-em-madeira","status":"publish","type":"product","link":"https:\/\/comavemoveis.com.br\/site\/produto\/bancada-industrial-isma-tampo-em-madeira\/","title":{"rendered":"Bancada Industrial ISMA tampo em madeira"},"content":{"rendered":"<p>Bancada industrial com estrutura em a\u00e7o<br \/>\nTampo em madeira<br \/>\nPrateleira fixa<br \/>\nGavetas opcionais \u2013 simples, dupla ou tripla<\/p>\n<p>MED \u2013 1,20X0,90X0,65 (L\/A\/P)<br \/>\n1,50X0,90X0,65 (L\/A\/P)<br \/>\n1,80X0,90X0,65 (L\/A\/P)<\/p>\n","protected":false},"excerpt":{"rendered":"<p>Bancada industrial com estrutura em a\u00e7o Tampo em madeira Prateleira fixa Gavetas opcionais \u2013 simples, dupla ou tripla MED \u2013 1,20X0,90X0,65 (L\/A\/P) 1,50X0,90X0,65 (L\/A\/P) 1,80X0,90X0,65 (L\/A\/P)<\/p>\n","protected":false},"featured_media":3590,"template":"","meta":{"_et_pb_use_builder":"","_et_pb_old_content":"","_et_gb_content_width":"","_joinchat":[]},"product_brand":[],"product_cat":[137,172],"product_tag":[],"class_list":{"0":"post-3589","1":"product","2":"type-product","3":"status-publish","4":"has-post-thumbnail","6":"product_cat-balcoes-e-bancadas","7":"product_cat-balcoes-e-bancadas-em-aco","9":"first","10":"instock","11":"shipping-taxable","12":"product-type-simple"},"yoast_head":"<!-- This site is optimized with the Yoast SEO plugin v27.0 - https:\/\/yoast.com\/product\/yoast-seo-wordpress\/ -->\n<title>Bancada Industrial ISMA tampo em madeira - Comave<\/title>\n<meta name=\"robots\" content=\"index, follow, max-snippet:-1, max-image-preview:large, max-video-preview:-1\" \/>\n<link rel=\"canonical\" href=\"https:\/\/comavemoveis.com.br\/site\/produto\/bancada-industrial-isma-tampo-em-madeira\/\" \/>\n<meta property=\"og:locale\" content=\"pt_BR\" \/>\n<meta property=\"og:type\" content=\"article\" \/>\n<meta property=\"og:title\" content=\"Bancada Industrial ISMA tampo em madeira - Comave\" \/>\n<meta property=\"og:description\" content=\"Bancada industrial com estrutura em a\u00e7o Tampo em madeira Prateleira fixa Gavetas opcionais \u2013 simples, dupla ou tripla MED \u2013 1,20X0,90X0,65 (L\/A\/P) 1,50X0,90X0,65 (L\/A\/P) 1,80X0,90X0,65 (L\/A\/P)\" \/>\n<meta property=\"og:url\" content=\"https:\/\/comavemoveis.com.br\/site\/produto\/bancada-industrial-isma-tampo-em-madeira\/\" \/>\n<meta property=\"og:site_name\" content=\"Comave\" \/>\n<meta property=\"article:publisher\" content=\"https:\/\/web.facebook.com\/Comavemoveis\" \/>\n<meta property=\"og:image\" content=\"https:\/\/comavemoveis.com.br\/site\/wp-content\/uploads\/2025\/07\/Bancadamad.jpeg\" \/>\n\t<meta property=\"og:image:width\" content=\"383\" \/>\n\t<meta property=\"og:image:height\" content=\"350\" \/>\n\t<meta property=\"og:image:type\" content=\"image\/jpeg\" \/>\n<meta name=\"twitter:card\" content=\"summary_large_image\" \/>\n<meta name=\"twitter:label1\" content=\"Est. tempo de leitura\" \/>\n\t<meta name=\"twitter:data1\" content=\"1 minuto\" \/>\n<script type=\"application\/ld+json\" class=\"yoast-schema-graph\">{\"@context\":\"https:\/\/schema.org\",\"@graph\":[{\"@type\":\"WebPage\",\"@id\":\"https:\/\/comavemoveis.com.br\/site\/produto\/bancada-industrial-isma-tampo-em-madeira\/\",\"url\":\"https:\/\/comavemoveis.com.br\/site\/produto\/bancada-industrial-isma-tampo-em-madeira\/\",\"name\":\"Bancada Industrial ISMA tampo em madeira - Comave\",\"isPartOf\":{\"@id\":\"https:\/\/comavemoveis.com.br\/site\/#website\"},\"primaryImageOfPage\":{\"@id\":\"https:\/\/comavemoveis.com.br\/site\/produto\/bancada-industrial-isma-tampo-em-madeira\/#primaryimage\"},\"image\":{\"@id\":\"https:\/\/comavemoveis.com.br\/site\/produto\/bancada-industrial-isma-tampo-em-madeira\/#primaryimage\"},\"thumbnailUrl\":\"https:\/\/comavemoveis.com.br\/site\/wp-content\/uploads\/2025\/07\/Bancadamad.jpeg\",\"datePublished\":\"2025-07-15T12:46:15+00:00\",\"breadcrumb\":{\"@id\":\"https:\/\/comavemoveis.com.br\/site\/produto\/bancada-industrial-isma-tampo-em-madeira\/#breadcrumb\"},\"inLanguage\":\"pt-BR\",\"potentialAction\":[{\"@type\":\"ReadAction\",\"target\":[\"https:\/\/comavemoveis.com.br\/site\/produto\/bancada-industrial-isma-tampo-em-madeira\/\"]}]},{\"@type\":\"ImageObject\",\"inLanguage\":\"pt-BR\",\"@id\":\"https:\/\/comavemoveis.com.br\/site\/produto\/bancada-industrial-isma-tampo-em-madeira\/#primaryimage\",\"url\":\"https:\/\/comavemoveis.com.br\/site\/wp-content\/uploads\/2025\/07\/Bancadamad.jpeg\",\"contentUrl\":\"https:\/\/comavemoveis.com.br\/site\/wp-content\/uploads\/2025\/07\/Bancadamad.jpeg\",\"width\":383,\"height\":350},{\"@type\":\"BreadcrumbList\",\"@id\":\"https:\/\/comavemoveis.com.br\/site\/produto\/bancada-industrial-isma-tampo-em-madeira\/#breadcrumb\",\"itemListElement\":[{\"@type\":\"ListItem\",\"position\":1,\"name\":\"In\u00edcio\",\"item\":\"https:\/\/comavemoveis.com.br\/site\/\"},{\"@type\":\"ListItem\",\"position\":2,\"name\":\"Loja\",\"item\":\"https:\/\/comavemoveis.com.br\/site\/loja\/\"},{\"@type\":\"ListItem\",\"position\":3,\"name\":\"Bancada Industrial ISMA tampo em madeira\"}]},{\"@type\":\"WebSite\",\"@id\":\"https:\/\/comavemoveis.com.br\/site\/#website\",\"url\":\"https:\/\/comavemoveis.com.br\/site\/\",\"name\":\"Comave\",\"description\":\"M\u00f3veis para Escrit\u00f3rio em Jundia\u00ed\",\"publisher\":{\"@id\":\"https:\/\/comavemoveis.com.br\/site\/#organization\"},\"potentialAction\":[{\"@type\":\"SearchAction\",\"target\":{\"@type\":\"EntryPoint\",\"urlTemplate\":\"https:\/\/comavemoveis.com.br\/site\/?s={search_term_string}\"},\"query-input\":{\"@type\":\"PropertyValueSpecification\",\"valueRequired\":true,\"valueName\":\"search_term_string\"}}],\"inLanguage\":\"pt-BR\"},{\"@type\":\"Organization\",\"@id\":\"https:\/\/comavemoveis.com.br\/site\/#organization\",\"name\":\"Comave\",\"url\":\"https:\/\/comavemoveis.com.br\/site\/\",\"logo\":{\"@type\":\"ImageObject\",\"inLanguage\":\"pt-BR\",\"@id\":\"https:\/\/comavemoveis.com.br\/site\/#\/schema\/logo\/image\/\",\"url\":\"https:\/\/comavemoveis.com.br\/site\/wp-content\/uploads\/2016\/11\/comave2.jpg\",\"contentUrl\":\"https:\/\/comavemoveis.com.br\/site\/wp-content\/uploads\/2016\/11\/comave2.jpg\",\"width\":148,\"height\":90,\"caption\":\"Comave\"},\"image\":{\"@id\":\"https:\/\/comavemoveis.com.br\/site\/#\/schema\/logo\/image\/\"},\"sameAs\":[\"https:\/\/web.facebook.com\/Comavemoveis\"]}]}<\/script>\n<!-- \/ Yoast SEO plugin. -->","yoast_head_json":{"title":"Bancada Industrial ISMA tampo em madeira - Comave","robots":{"index":"index","follow":"follow","max-snippet":"max-snippet:-1","max-image-preview":"max-image-preview:large","max-video-preview":"max-video-preview:-1"},"canonical":"https:\/\/comavemoveis.com.br\/site\/produto\/bancada-industrial-isma-tampo-em-madeira\/","og_locale":"pt_BR","og_type":"article","og_title":"Bancada Industrial ISMA tampo em madeira - Comave","og_description":"Bancada industrial com estrutura em a\u00e7o Tampo em madeira Prateleira fixa Gavetas opcionais \u2013 simples, dupla ou tripla MED \u2013 1,20X0,90X0,65 (L\/A\/P) 1,50X0,90X0,65 (L\/A\/P) 1,80X0,90X0,65 (L\/A\/P)","og_url":"https:\/\/comavemoveis.com.br\/site\/produto\/bancada-industrial-isma-tampo-em-madeira\/","og_site_name":"Comave","article_publisher":"https:\/\/web.facebook.com\/Comavemoveis","og_image":[{"width":383,"height":350,"url":"https:\/\/comavemoveis.com.br\/site\/wp-content\/uploads\/2025\/07\/Bancadamad.jpeg","type":"image\/jpeg"}],"twitter_card":"summary_large_image","twitter_misc":{"Est. tempo de leitura":"1 minuto"},"schema":{"@context":"https:\/\/schema.org","@graph":[{"@type":"WebPage","@id":"https:\/\/comavemoveis.com.br\/site\/produto\/bancada-industrial-isma-tampo-em-madeira\/","url":"https:\/\/comavemoveis.com.br\/site\/produto\/bancada-industrial-isma-tampo-em-madeira\/","name":"Bancada Industrial ISMA tampo em madeira - Comave","isPartOf":{"@id":"https:\/\/comavemoveis.com.br\/site\/#website"},"primaryImageOfPage":{"@id":"https:\/\/comavemoveis.com.br\/site\/produto\/bancada-industrial-isma-tampo-em-madeira\/#primaryimage"},"image":{"@id":"https:\/\/comavemoveis.com.br\/site\/produto\/bancada-industrial-isma-tampo-em-madeira\/#primaryimage"},"thumbnailUrl":"https:\/\/comavemoveis.com.br\/site\/wp-content\/uploads\/2025\/07\/Bancadamad.jpeg","datePublished":"2025-07-15T12:46:15+00:00","breadcrumb":{"@id":"https:\/\/comavemoveis.com.br\/site\/produto\/bancada-industrial-isma-tampo-em-madeira\/#breadcrumb"},"inLanguage":"pt-BR","potentialAction":[{"@type":"ReadAction","target":["https:\/\/comavemoveis.com.br\/site\/produto\/bancada-industrial-isma-tampo-em-madeira\/"]}]},{"@type":"ImageObject","inLanguage":"pt-BR","@id":"https:\/\/comavemoveis.com.br\/site\/produto\/bancada-industrial-isma-tampo-em-madeira\/#primaryimage","url":"https:\/\/comavemoveis.com.br\/site\/wp-content\/uploads\/2025\/07\/Bancadamad.jpeg","contentUrl":"https:\/\/comavemoveis.com.br\/site\/wp-content\/uploads\/2025\/07\/Bancadamad.jpeg","width":383,"height":350},{"@type":"BreadcrumbList","@id":"https:\/\/comavemoveis.com.br\/site\/produto\/bancada-industrial-isma-tampo-em-madeira\/#breadcrumb","itemListElement":[{"@type":"ListItem","position":1,"name":"In\u00edcio","item":"https:\/\/comavemoveis.com.br\/site\/"},{"@type":"ListItem","position":2,"name":"Loja","item":"https:\/\/comavemoveis.com.br\/site\/loja\/"},{"@type":"ListItem","position":3,"name":"Bancada Industrial ISMA tampo em madeira"}]},{"@type":"WebSite","@id":"https:\/\/comavemoveis.com.br\/site\/#website","url":"https:\/\/comavemoveis.com.br\/site\/","name":"Comave","description":"M\u00f3veis para Escrit\u00f3rio em Jundia\u00ed","publisher":{"@id":"https:\/\/comavemoveis.com.br\/site\/#organization"},"potentialAction":[{"@type":"SearchAction","target":{"@type":"EntryPoint","urlTemplate":"https:\/\/comavemoveis.com.br\/site\/?s={search_term_string}"},"query-input":{"@type":"PropertyValueSpecification","valueRequired":true,"valueName":"search_term_string"}}],"inLanguage":"pt-BR"},{"@type":"Organization","@id":"https:\/\/comavemoveis.com.br\/site\/#organization","name":"Comave","url":"https:\/\/comavemoveis.com.br\/site\/","logo":{"@type":"ImageObject","inLanguage":"pt-BR","@id":"https:\/\/comavemoveis.com.br\/site\/#\/schema\/logo\/image\/","url":"https:\/\/comavemoveis.com.br\/site\/wp-content\/uploads\/2016\/11\/comave2.jpg","contentUrl":"https:\/\/comavemoveis.com.br\/site\/wp-content\/uploads\/2016\/11\/comave2.jpg","width":148,"height":90,"caption":"Comave"},"image":{"@id":"https:\/\/comavemoveis.com.br\/site\/#\/schema\/logo\/image\/"},"sameAs":["https:\/\/web.facebook.com\/Comavemoveis"]}]}},"_links":{"self":[{"href":"https:\/\/comavemoveis.com.br\/site\/wp-json\/wp\/v2\/product\/3589","targetHints":{"allow":["GET"]}}],"collection":[{"href":"https:\/\/comavemoveis.com.br\/site\/wp-json\/wp\/v2\/product"}],"about":[{"href":"https:\/\/comavemoveis.com.br\/site\/wp-json\/wp\/v2\/types\/product"}],"wp:featuredmedia":[{"embeddable":true,"href":"https:\/\/comavemoveis.com.br\/site\/wp-json\/wp\/v2\/media\/3590"}],"wp:attachment":[{"href":"https:\/\/comavemoveis.com.br\/site\/wp-json\/wp\/v2\/media?parent=3589"}],"wp:term":[{"taxonomy":"product_brand","embeddable":true,"href":"https:\/\/comavemoveis.com.br\/site\/wp-json\/wp\/v2\/product_brand?post=3589"},{"taxonomy":"product_cat","embeddable":true,"href":"https:\/\/comavemoveis.com.br\/site\/wp-json\/wp\/v2\/product_cat?post=3589"},{"taxonomy":"product_tag","embeddable":true,"href":"https:\/\/comavemoveis.com.br\/site\/wp-json\/wp\/v2\/product_tag?post=3589"}],"curies":[{"name":"wp","href":"https:\/\/api.w.org\/{rel}","templated":true}]}}