{"id":3596,"date":"2025-07-17T12:14:22","date_gmt":"2025-07-17T15:14:22","guid":{"rendered":"https:\/\/comavemoveis.com.br\/site\/?post_type=product&#038;p=3596"},"modified":"2025-07-17T12:14:22","modified_gmt":"2025-07-17T15:14:22","slug":"stylus-diretor","status":"publish","type":"product","link":"https:\/\/comavemoveis.com.br\/site\/produto\/stylus-diretor\/","title":{"rendered":"Stylus Diretor"},"content":{"rendered":"<p>Capa de encosto Stylus Diretor<br \/>\n\u2022 Confeccionada em polipropileno copol\u00edmero injetado<br \/>\n\u2022 Fixa\u00e7\u00e3o no chassis atrav\u00e9s de garras integradas na capa<br \/>\n\u2022 Dimens\u00f5es: 475 altura x 423 largura (mm)<br \/>\n\u2022 Op\u00e7\u00f5es de acabamento nas cores: Cinza, preto, cinza grafite e cinza m\u00e9dio<\/p>\n<p>Chassi de encosto Stylus Diretor com 4 porcas<br \/>\n\u2022 Confeccionado em polipropileno copol\u00edmero injetado com 25% de talco<br \/>\n\u2022 Dimens\u00f5es: 465 altura x 402 largura (mm)<br \/>\n\u2022 Op\u00e7\u00f5es de acabamento nas cores: Preto<\/p>\n<p>Capa de assento Stylus B.Side Gerente\/Diretor alta<br \/>\n\u2022 Confeccionada em polipropileno copol\u00edmero injetado<br \/>\n\u2022 Fixa\u00e7\u00e3o no chassis atrav\u00e9s de garras integradas na capa<br \/>\n\u2022 Dimens\u00f5es: 440 altura x 455 largura (mm)<br \/>\n\u2022 Op\u00e7\u00f5es de acabamento nas cores: Cinza, preto, cinza grafite e cinza m\u00e9dio<\/p>\n<p>Chassi de assento Stylus B.Side Gerente\/Diretor (alto\/baixo)<br \/>\n\u2022 Confeccionado em madeira compensada moldada, com espessura de 12 mm e fura\u00e7\u00e3o para uso de porcas-guarra (M6 ou W1\/4\u201d)<br \/>\n\u2022 Dimens\u00f5es 447 comprimento x 454,78 largura (mm)<\/p>\n<p>Espuma Flex\u00edvel<br \/>\n\u2022 As pe\u00e7as s\u00e3o produzidas com uma densidade de 55Kg\/m3 podendo ter uma varia\u00e7\u00e3o de +\/- 5%.<br \/>\n\u2022 As espumas atendem aos requisitos da norma 9178:2003 referente a flamabilidade. As mesmas s\u00e3o auto-extingu\u00edveis<\/p>\n","protected":false},"excerpt":{"rendered":"<p>Capa de encosto Stylus Diretor \u2022 Confeccionada em polipropileno copol\u00edmero injetado \u2022 Fixa\u00e7\u00e3o no chassis atrav\u00e9s de garras integradas na capa \u2022 Dimens\u00f5es: 475 altura x 423 largura (mm) \u2022 Op\u00e7\u00f5es de acabamento nas cores: Cinza, preto, cinza grafite e cinza m\u00e9dio Chassi de encosto Stylus Diretor com 4 porcas \u2022 Confeccionado em polipropileno copol\u00edmero [&hellip;]<\/p>\n","protected":false},"featured_media":3599,"template":"","meta":{"_et_pb_use_builder":"","_et_pb_old_content":"","_et_gb_content_width":"","_joinchat":[]},"product_brand":[],"product_cat":[139,180,182],"product_tag":[],"class_list":{"0":"post-3596","1":"product","2":"type-product","3":"status-publish","4":"has-post-thumbnail","6":"product_cat-cadeiras-e-poltronas","7":"product_cat-linha-ergonomicas-nr17-cadeiras-e-poltronas","8":"product_cat-linha-presidentediretor","10":"first","11":"instock","12":"shipping-taxable","13":"product-type-simple"},"yoast_head":"<!-- This site is optimized with the Yoast SEO plugin v27.0 - https:\/\/yoast.com\/product\/yoast-seo-wordpress\/ -->\n<title>Stylus Diretor - Comave<\/title>\n<meta name=\"robots\" content=\"index, follow, max-snippet:-1, max-image-preview:large, max-video-preview:-1\" \/>\n<link rel=\"canonical\" href=\"https:\/\/comavemoveis.com.br\/site\/produto\/stylus-diretor\/\" \/>\n<meta property=\"og:locale\" content=\"pt_BR\" \/>\n<meta property=\"og:type\" content=\"article\" \/>\n<meta property=\"og:title\" content=\"Stylus Diretor - Comave\" \/>\n<meta property=\"og:description\" content=\"Capa de encosto Stylus Diretor \u2022 Confeccionada em polipropileno copol\u00edmero injetado \u2022 Fixa\u00e7\u00e3o no chassis atrav\u00e9s de garras integradas na capa \u2022 Dimens\u00f5es: 475 altura x 423 largura (mm) \u2022 Op\u00e7\u00f5es de acabamento nas cores: Cinza, preto, cinza grafite e cinza m\u00e9dio Chassi de encosto Stylus Diretor com 4 porcas \u2022 Confeccionado em polipropileno copol\u00edmero [&hellip;]\" \/>\n<meta property=\"og:url\" content=\"https:\/\/comavemoveis.com.br\/site\/produto\/stylus-diretor\/\" \/>\n<meta property=\"og:site_name\" content=\"Comave\" \/>\n<meta property=\"article:publisher\" content=\"https:\/\/web.facebook.com\/Comavemoveis\" \/>\n<meta property=\"og:image\" content=\"https:\/\/comavemoveis.com.br\/site\/wp-content\/uploads\/2025\/07\/stylus-diretor.jpg\" \/>\n\t<meta property=\"og:image:width\" content=\"1440\" \/>\n\t<meta property=\"og:image:height\" content=\"1440\" \/>\n\t<meta property=\"og:image:type\" content=\"image\/jpeg\" \/>\n<meta name=\"twitter:card\" content=\"summary_large_image\" \/>\n<meta name=\"twitter:label1\" content=\"Est. tempo de leitura\" \/>\n\t<meta name=\"twitter:data1\" content=\"2 minutos\" \/>\n<script type=\"application\/ld+json\" class=\"yoast-schema-graph\">{\"@context\":\"https:\/\/schema.org\",\"@graph\":[{\"@type\":\"WebPage\",\"@id\":\"https:\/\/comavemoveis.com.br\/site\/produto\/stylus-diretor\/\",\"url\":\"https:\/\/comavemoveis.com.br\/site\/produto\/stylus-diretor\/\",\"name\":\"Stylus Diretor - Comave\",\"isPartOf\":{\"@id\":\"https:\/\/comavemoveis.com.br\/site\/#website\"},\"primaryImageOfPage\":{\"@id\":\"https:\/\/comavemoveis.com.br\/site\/produto\/stylus-diretor\/#primaryimage\"},\"image\":{\"@id\":\"https:\/\/comavemoveis.com.br\/site\/produto\/stylus-diretor\/#primaryimage\"},\"thumbnailUrl\":\"https:\/\/comavemoveis.com.br\/site\/wp-content\/uploads\/2025\/07\/stylus-diretor.jpg\",\"datePublished\":\"2025-07-17T15:14:22+00:00\",\"breadcrumb\":{\"@id\":\"https:\/\/comavemoveis.com.br\/site\/produto\/stylus-diretor\/#breadcrumb\"},\"inLanguage\":\"pt-BR\",\"potentialAction\":[{\"@type\":\"ReadAction\",\"target\":[\"https:\/\/comavemoveis.com.br\/site\/produto\/stylus-diretor\/\"]}]},{\"@type\":\"ImageObject\",\"inLanguage\":\"pt-BR\",\"@id\":\"https:\/\/comavemoveis.com.br\/site\/produto\/stylus-diretor\/#primaryimage\",\"url\":\"https:\/\/comavemoveis.com.br\/site\/wp-content\/uploads\/2025\/07\/stylus-diretor.jpg\",\"contentUrl\":\"https:\/\/comavemoveis.com.br\/site\/wp-content\/uploads\/2025\/07\/stylus-diretor.jpg\",\"width\":1440,\"height\":1440},{\"@type\":\"BreadcrumbList\",\"@id\":\"https:\/\/comavemoveis.com.br\/site\/produto\/stylus-diretor\/#breadcrumb\",\"itemListElement\":[{\"@type\":\"ListItem\",\"position\":1,\"name\":\"In\u00edcio\",\"item\":\"https:\/\/comavemoveis.com.br\/site\/\"},{\"@type\":\"ListItem\",\"position\":2,\"name\":\"Loja\",\"item\":\"https:\/\/comavemoveis.com.br\/site\/loja\/\"},{\"@type\":\"ListItem\",\"position\":3,\"name\":\"Stylus Diretor\"}]},{\"@type\":\"WebSite\",\"@id\":\"https:\/\/comavemoveis.com.br\/site\/#website\",\"url\":\"https:\/\/comavemoveis.com.br\/site\/\",\"name\":\"Comave\",\"description\":\"M\u00f3veis para Escrit\u00f3rio em Jundia\u00ed\",\"publisher\":{\"@id\":\"https:\/\/comavemoveis.com.br\/site\/#organization\"},\"potentialAction\":[{\"@type\":\"SearchAction\",\"target\":{\"@type\":\"EntryPoint\",\"urlTemplate\":\"https:\/\/comavemoveis.com.br\/site\/?s={search_term_string}\"},\"query-input\":{\"@type\":\"PropertyValueSpecification\",\"valueRequired\":true,\"valueName\":\"search_term_string\"}}],\"inLanguage\":\"pt-BR\"},{\"@type\":\"Organization\",\"@id\":\"https:\/\/comavemoveis.com.br\/site\/#organization\",\"name\":\"Comave\",\"url\":\"https:\/\/comavemoveis.com.br\/site\/\",\"logo\":{\"@type\":\"ImageObject\",\"inLanguage\":\"pt-BR\",\"@id\":\"https:\/\/comavemoveis.com.br\/site\/#\/schema\/logo\/image\/\",\"url\":\"https:\/\/comavemoveis.com.br\/site\/wp-content\/uploads\/2016\/11\/comave2.jpg\",\"contentUrl\":\"https:\/\/comavemoveis.com.br\/site\/wp-content\/uploads\/2016\/11\/comave2.jpg\",\"width\":148,\"height\":90,\"caption\":\"Comave\"},\"image\":{\"@id\":\"https:\/\/comavemoveis.com.br\/site\/#\/schema\/logo\/image\/\"},\"sameAs\":[\"https:\/\/web.facebook.com\/Comavemoveis\"]}]}<\/script>\n<!-- \/ Yoast SEO plugin. -->","yoast_head_json":{"title":"Stylus Diretor - Comave","robots":{"index":"index","follow":"follow","max-snippet":"max-snippet:-1","max-image-preview":"max-image-preview:large","max-video-preview":"max-video-preview:-1"},"canonical":"https:\/\/comavemoveis.com.br\/site\/produto\/stylus-diretor\/","og_locale":"pt_BR","og_type":"article","og_title":"Stylus Diretor - Comave","og_description":"Capa de encosto Stylus Diretor \u2022 Confeccionada em polipropileno copol\u00edmero injetado \u2022 Fixa\u00e7\u00e3o no chassis atrav\u00e9s de garras integradas na capa \u2022 Dimens\u00f5es: 475 altura x 423 largura (mm) \u2022 Op\u00e7\u00f5es de acabamento nas cores: Cinza, preto, cinza grafite e cinza m\u00e9dio Chassi de encosto Stylus Diretor com 4 porcas \u2022 Confeccionado em polipropileno copol\u00edmero [&hellip;]","og_url":"https:\/\/comavemoveis.com.br\/site\/produto\/stylus-diretor\/","og_site_name":"Comave","article_publisher":"https:\/\/web.facebook.com\/Comavemoveis","og_image":[{"width":1440,"height":1440,"url":"https:\/\/comavemoveis.com.br\/site\/wp-content\/uploads\/2025\/07\/stylus-diretor.jpg","type":"image\/jpeg"}],"twitter_card":"summary_large_image","twitter_misc":{"Est. tempo de leitura":"2 minutos"},"schema":{"@context":"https:\/\/schema.org","@graph":[{"@type":"WebPage","@id":"https:\/\/comavemoveis.com.br\/site\/produto\/stylus-diretor\/","url":"https:\/\/comavemoveis.com.br\/site\/produto\/stylus-diretor\/","name":"Stylus Diretor - Comave","isPartOf":{"@id":"https:\/\/comavemoveis.com.br\/site\/#website"},"primaryImageOfPage":{"@id":"https:\/\/comavemoveis.com.br\/site\/produto\/stylus-diretor\/#primaryimage"},"image":{"@id":"https:\/\/comavemoveis.com.br\/site\/produto\/stylus-diretor\/#primaryimage"},"thumbnailUrl":"https:\/\/comavemoveis.com.br\/site\/wp-content\/uploads\/2025\/07\/stylus-diretor.jpg","datePublished":"2025-07-17T15:14:22+00:00","breadcrumb":{"@id":"https:\/\/comavemoveis.com.br\/site\/produto\/stylus-diretor\/#breadcrumb"},"inLanguage":"pt-BR","potentialAction":[{"@type":"ReadAction","target":["https:\/\/comavemoveis.com.br\/site\/produto\/stylus-diretor\/"]}]},{"@type":"ImageObject","inLanguage":"pt-BR","@id":"https:\/\/comavemoveis.com.br\/site\/produto\/stylus-diretor\/#primaryimage","url":"https:\/\/comavemoveis.com.br\/site\/wp-content\/uploads\/2025\/07\/stylus-diretor.jpg","contentUrl":"https:\/\/comavemoveis.com.br\/site\/wp-content\/uploads\/2025\/07\/stylus-diretor.jpg","width":1440,"height":1440},{"@type":"BreadcrumbList","@id":"https:\/\/comavemoveis.com.br\/site\/produto\/stylus-diretor\/#breadcrumb","itemListElement":[{"@type":"ListItem","position":1,"name":"In\u00edcio","item":"https:\/\/comavemoveis.com.br\/site\/"},{"@type":"ListItem","position":2,"name":"Loja","item":"https:\/\/comavemoveis.com.br\/site\/loja\/"},{"@type":"ListItem","position":3,"name":"Stylus Diretor"}]},{"@type":"WebSite","@id":"https:\/\/comavemoveis.com.br\/site\/#website","url":"https:\/\/comavemoveis.com.br\/site\/","name":"Comave","description":"M\u00f3veis para Escrit\u00f3rio em Jundia\u00ed","publisher":{"@id":"https:\/\/comavemoveis.com.br\/site\/#organization"},"potentialAction":[{"@type":"SearchAction","target":{"@type":"EntryPoint","urlTemplate":"https:\/\/comavemoveis.com.br\/site\/?s={search_term_string}"},"query-input":{"@type":"PropertyValueSpecification","valueRequired":true,"valueName":"search_term_string"}}],"inLanguage":"pt-BR"},{"@type":"Organization","@id":"https:\/\/comavemoveis.com.br\/site\/#organization","name":"Comave","url":"https:\/\/comavemoveis.com.br\/site\/","logo":{"@type":"ImageObject","inLanguage":"pt-BR","@id":"https:\/\/comavemoveis.com.br\/site\/#\/schema\/logo\/image\/","url":"https:\/\/comavemoveis.com.br\/site\/wp-content\/uploads\/2016\/11\/comave2.jpg","contentUrl":"https:\/\/comavemoveis.com.br\/site\/wp-content\/uploads\/2016\/11\/comave2.jpg","width":148,"height":90,"caption":"Comave"},"image":{"@id":"https:\/\/comavemoveis.com.br\/site\/#\/schema\/logo\/image\/"},"sameAs":["https:\/\/web.facebook.com\/Comavemoveis"]}]}},"_links":{"self":[{"href":"https:\/\/comavemoveis.com.br\/site\/wp-json\/wp\/v2\/product\/3596","targetHints":{"allow":["GET"]}}],"collection":[{"href":"https:\/\/comavemoveis.com.br\/site\/wp-json\/wp\/v2\/product"}],"about":[{"href":"https:\/\/comavemoveis.com.br\/site\/wp-json\/wp\/v2\/types\/product"}],"wp:featuredmedia":[{"embeddable":true,"href":"https:\/\/comavemoveis.com.br\/site\/wp-json\/wp\/v2\/media\/3599"}],"wp:attachment":[{"href":"https:\/\/comavemoveis.com.br\/site\/wp-json\/wp\/v2\/media?parent=3596"}],"wp:term":[{"taxonomy":"product_brand","embeddable":true,"href":"https:\/\/comavemoveis.com.br\/site\/wp-json\/wp\/v2\/product_brand?post=3596"},{"taxonomy":"product_cat","embeddable":true,"href":"https:\/\/comavemoveis.com.br\/site\/wp-json\/wp\/v2\/product_cat?post=3596"},{"taxonomy":"product_tag","embeddable":true,"href":"https:\/\/comavemoveis.com.br\/site\/wp-json\/wp\/v2\/product_tag?post=3596"}],"curies":[{"name":"wp","href":"https:\/\/api.w.org\/{rel}","templated":true}]}}