{"id":3600,"date":"2025-07-17T12:15:34","date_gmt":"2025-07-17T15:15:34","guid":{"rendered":"https:\/\/comavemoveis.com.br\/site\/?post_type=product&#038;p=3600"},"modified":"2025-07-17T12:15:34","modified_gmt":"2025-07-17T15:15:34","slug":"b-side-mesh","status":"publish","type":"product","link":"https:\/\/comavemoveis.com.br\/site\/produto\/b-side-mesh\/","title":{"rendered":"B-Side Mesh"},"content":{"rendered":"<p>Encosto Bside Mesh \u2013 W2472<br \/>\n\u2022 Espaldar composto de quadro externo, injetado em poliamida 6 com 30% de fibra de vidro e torres retr\u00e1teis posti\u00e7as fixadas por parafusos auto cortantes 4\u00d710 para acoplagem do quadro interno;<br \/>\n\u2022 Quadro interno injetado em ABS de alto impacto com pontos de acoplamento no quadro externo;<br \/>\n\u2022 Tampa de acabamento injetada em poliamida 6 com 30% de fibra de vidro, fixada por encaixe e tela em tecido fixada no quadro interno por grampos.<br \/>\n\u2022 Possui suporte de encosto integrado confeccionado em poliamida 6 com 30% de fibra de vidro.<br \/>\n\u2022 O suporte de encosto permite a regulagem de altura com 72mm de curso total com 10 pontos de regulagem.<br \/>\n\u2022 Dimens\u00f5es \u00fateis de 420mm de largura e 420mm de altura.<br \/>\n\u2022 Tela em tecido na cor preta.<\/p>\n<p>Chassi de Assento W1582<br \/>\n\u2022 O chassi \u00e9 confeccionado em madeira compensada moldada, com fura\u00e7\u00e3o universal para montagem de porcas-guarra (M6 ou W1\/4\u201d) e espessura de 12 mm<br \/>\n\u2022 Dimens\u00f5es: 425mm de profundidade x 440mm de largura.<br \/>\n\u2022 O chassi possui as bordas lixadas.<\/p>\n<p>Capa de Assento W1472<br \/>\n\u2022 Capa de assento confeccionada em polipropileno copol\u00edmero em cores variadas;<br \/>\n\u2022 A capa possui as seguintes dimens\u00f5es: 440mm de profundidade x 460mm de largura x 2mm de espessura;<br \/>\n\u2022 A capa possui fura\u00e7\u00e3o para a fixa\u00e7\u00e3o do mecanismo e dos bra\u00e7os no chassi de assento;<br \/>\n\u2022 A capa possui acabamento texturizado.<\/p>\n","protected":false},"excerpt":{"rendered":"<p>Encosto Bside Mesh \u2013 W2472 \u2022 Espaldar composto de quadro externo, injetado em poliamida 6 com 30% de fibra de vidro e torres retr\u00e1teis posti\u00e7as fixadas por parafusos auto cortantes 4\u00d710 para acoplagem do quadro interno; \u2022 Quadro interno injetado em ABS de alto impacto com pontos de acoplamento no quadro externo; \u2022 Tampa de [&hellip;]<\/p>\n","protected":false},"featured_media":3597,"template":"","meta":{"_et_pb_use_builder":"","_et_pb_old_content":"","_et_gb_content_width":"","_joinchat":[]},"product_brand":[],"product_cat":[139,178,180],"product_tag":[],"class_list":{"0":"post-3600","1":"product","2":"type-product","3":"status-publish","4":"has-post-thumbnail","6":"product_cat-cadeiras-e-poltronas","7":"product_cat-linha-em-tela","8":"product_cat-linha-ergonomicas-nr17-cadeiras-e-poltronas","10":"first","11":"instock","12":"shipping-taxable","13":"product-type-simple"},"yoast_head":"<!-- This site is optimized with the Yoast SEO plugin v27.0 - https:\/\/yoast.com\/product\/yoast-seo-wordpress\/ -->\n<title>B-Side Mesh - Comave<\/title>\n<meta name=\"robots\" content=\"index, follow, max-snippet:-1, max-image-preview:large, max-video-preview:-1\" \/>\n<link rel=\"canonical\" href=\"https:\/\/comavemoveis.com.br\/site\/produto\/b-side-mesh\/\" \/>\n<meta property=\"og:locale\" content=\"pt_BR\" \/>\n<meta property=\"og:type\" content=\"article\" \/>\n<meta property=\"og:title\" content=\"B-Side Mesh - Comave\" \/>\n<meta property=\"og:description\" content=\"Encosto Bside Mesh \u2013 W2472 \u2022 Espaldar composto de quadro externo, injetado em poliamida 6 com 30% de fibra de vidro e torres retr\u00e1teis posti\u00e7as fixadas por parafusos auto cortantes 4\u00d710 para acoplagem do quadro interno; \u2022 Quadro interno injetado em ABS de alto impacto com pontos de acoplamento no quadro externo; \u2022 Tampa de [&hellip;]\" \/>\n<meta property=\"og:url\" content=\"https:\/\/comavemoveis.com.br\/site\/produto\/b-side-mesh\/\" \/>\n<meta property=\"og:site_name\" content=\"Comave\" \/>\n<meta property=\"article:publisher\" content=\"https:\/\/web.facebook.com\/Comavemoveis\" \/>\n<meta property=\"og:image\" content=\"https:\/\/comavemoveis.com.br\/site\/wp-content\/uploads\/2025\/07\/bmesh.jpg\" \/>\n\t<meta property=\"og:image:width\" content=\"1440\" \/>\n\t<meta property=\"og:image:height\" content=\"1440\" \/>\n\t<meta property=\"og:image:type\" content=\"image\/jpeg\" \/>\n<meta name=\"twitter:card\" content=\"summary_large_image\" \/>\n<meta name=\"twitter:label1\" content=\"Est. tempo de leitura\" \/>\n\t<meta name=\"twitter:data1\" content=\"2 minutos\" \/>\n<script type=\"application\/ld+json\" class=\"yoast-schema-graph\">{\"@context\":\"https:\/\/schema.org\",\"@graph\":[{\"@type\":\"WebPage\",\"@id\":\"https:\/\/comavemoveis.com.br\/site\/produto\/b-side-mesh\/\",\"url\":\"https:\/\/comavemoveis.com.br\/site\/produto\/b-side-mesh\/\",\"name\":\"B-Side Mesh - Comave\",\"isPartOf\":{\"@id\":\"https:\/\/comavemoveis.com.br\/site\/#website\"},\"primaryImageOfPage\":{\"@id\":\"https:\/\/comavemoveis.com.br\/site\/produto\/b-side-mesh\/#primaryimage\"},\"image\":{\"@id\":\"https:\/\/comavemoveis.com.br\/site\/produto\/b-side-mesh\/#primaryimage\"},\"thumbnailUrl\":\"https:\/\/comavemoveis.com.br\/site\/wp-content\/uploads\/2025\/07\/bmesh.jpg\",\"datePublished\":\"2025-07-17T15:15:34+00:00\",\"breadcrumb\":{\"@id\":\"https:\/\/comavemoveis.com.br\/site\/produto\/b-side-mesh\/#breadcrumb\"},\"inLanguage\":\"pt-BR\",\"potentialAction\":[{\"@type\":\"ReadAction\",\"target\":[\"https:\/\/comavemoveis.com.br\/site\/produto\/b-side-mesh\/\"]}]},{\"@type\":\"ImageObject\",\"inLanguage\":\"pt-BR\",\"@id\":\"https:\/\/comavemoveis.com.br\/site\/produto\/b-side-mesh\/#primaryimage\",\"url\":\"https:\/\/comavemoveis.com.br\/site\/wp-content\/uploads\/2025\/07\/bmesh.jpg\",\"contentUrl\":\"https:\/\/comavemoveis.com.br\/site\/wp-content\/uploads\/2025\/07\/bmesh.jpg\",\"width\":1440,\"height\":1440},{\"@type\":\"BreadcrumbList\",\"@id\":\"https:\/\/comavemoveis.com.br\/site\/produto\/b-side-mesh\/#breadcrumb\",\"itemListElement\":[{\"@type\":\"ListItem\",\"position\":1,\"name\":\"In\u00edcio\",\"item\":\"https:\/\/comavemoveis.com.br\/site\/\"},{\"@type\":\"ListItem\",\"position\":2,\"name\":\"Loja\",\"item\":\"https:\/\/comavemoveis.com.br\/site\/loja\/\"},{\"@type\":\"ListItem\",\"position\":3,\"name\":\"B-Side Mesh\"}]},{\"@type\":\"WebSite\",\"@id\":\"https:\/\/comavemoveis.com.br\/site\/#website\",\"url\":\"https:\/\/comavemoveis.com.br\/site\/\",\"name\":\"Comave\",\"description\":\"M\u00f3veis para Escrit\u00f3rio em Jundia\u00ed\",\"publisher\":{\"@id\":\"https:\/\/comavemoveis.com.br\/site\/#organization\"},\"potentialAction\":[{\"@type\":\"SearchAction\",\"target\":{\"@type\":\"EntryPoint\",\"urlTemplate\":\"https:\/\/comavemoveis.com.br\/site\/?s={search_term_string}\"},\"query-input\":{\"@type\":\"PropertyValueSpecification\",\"valueRequired\":true,\"valueName\":\"search_term_string\"}}],\"inLanguage\":\"pt-BR\"},{\"@type\":\"Organization\",\"@id\":\"https:\/\/comavemoveis.com.br\/site\/#organization\",\"name\":\"Comave\",\"url\":\"https:\/\/comavemoveis.com.br\/site\/\",\"logo\":{\"@type\":\"ImageObject\",\"inLanguage\":\"pt-BR\",\"@id\":\"https:\/\/comavemoveis.com.br\/site\/#\/schema\/logo\/image\/\",\"url\":\"https:\/\/comavemoveis.com.br\/site\/wp-content\/uploads\/2016\/11\/comave2.jpg\",\"contentUrl\":\"https:\/\/comavemoveis.com.br\/site\/wp-content\/uploads\/2016\/11\/comave2.jpg\",\"width\":148,\"height\":90,\"caption\":\"Comave\"},\"image\":{\"@id\":\"https:\/\/comavemoveis.com.br\/site\/#\/schema\/logo\/image\/\"},\"sameAs\":[\"https:\/\/web.facebook.com\/Comavemoveis\"]}]}<\/script>\n<!-- \/ Yoast SEO plugin. -->","yoast_head_json":{"title":"B-Side Mesh - Comave","robots":{"index":"index","follow":"follow","max-snippet":"max-snippet:-1","max-image-preview":"max-image-preview:large","max-video-preview":"max-video-preview:-1"},"canonical":"https:\/\/comavemoveis.com.br\/site\/produto\/b-side-mesh\/","og_locale":"pt_BR","og_type":"article","og_title":"B-Side Mesh - Comave","og_description":"Encosto Bside Mesh \u2013 W2472 \u2022 Espaldar composto de quadro externo, injetado em poliamida 6 com 30% de fibra de vidro e torres retr\u00e1teis posti\u00e7as fixadas por parafusos auto cortantes 4\u00d710 para acoplagem do quadro interno; \u2022 Quadro interno injetado em ABS de alto impacto com pontos de acoplamento no quadro externo; \u2022 Tampa de [&hellip;]","og_url":"https:\/\/comavemoveis.com.br\/site\/produto\/b-side-mesh\/","og_site_name":"Comave","article_publisher":"https:\/\/web.facebook.com\/Comavemoveis","og_image":[{"width":1440,"height":1440,"url":"https:\/\/comavemoveis.com.br\/site\/wp-content\/uploads\/2025\/07\/bmesh.jpg","type":"image\/jpeg"}],"twitter_card":"summary_large_image","twitter_misc":{"Est. tempo de leitura":"2 minutos"},"schema":{"@context":"https:\/\/schema.org","@graph":[{"@type":"WebPage","@id":"https:\/\/comavemoveis.com.br\/site\/produto\/b-side-mesh\/","url":"https:\/\/comavemoveis.com.br\/site\/produto\/b-side-mesh\/","name":"B-Side Mesh - Comave","isPartOf":{"@id":"https:\/\/comavemoveis.com.br\/site\/#website"},"primaryImageOfPage":{"@id":"https:\/\/comavemoveis.com.br\/site\/produto\/b-side-mesh\/#primaryimage"},"image":{"@id":"https:\/\/comavemoveis.com.br\/site\/produto\/b-side-mesh\/#primaryimage"},"thumbnailUrl":"https:\/\/comavemoveis.com.br\/site\/wp-content\/uploads\/2025\/07\/bmesh.jpg","datePublished":"2025-07-17T15:15:34+00:00","breadcrumb":{"@id":"https:\/\/comavemoveis.com.br\/site\/produto\/b-side-mesh\/#breadcrumb"},"inLanguage":"pt-BR","potentialAction":[{"@type":"ReadAction","target":["https:\/\/comavemoveis.com.br\/site\/produto\/b-side-mesh\/"]}]},{"@type":"ImageObject","inLanguage":"pt-BR","@id":"https:\/\/comavemoveis.com.br\/site\/produto\/b-side-mesh\/#primaryimage","url":"https:\/\/comavemoveis.com.br\/site\/wp-content\/uploads\/2025\/07\/bmesh.jpg","contentUrl":"https:\/\/comavemoveis.com.br\/site\/wp-content\/uploads\/2025\/07\/bmesh.jpg","width":1440,"height":1440},{"@type":"BreadcrumbList","@id":"https:\/\/comavemoveis.com.br\/site\/produto\/b-side-mesh\/#breadcrumb","itemListElement":[{"@type":"ListItem","position":1,"name":"In\u00edcio","item":"https:\/\/comavemoveis.com.br\/site\/"},{"@type":"ListItem","position":2,"name":"Loja","item":"https:\/\/comavemoveis.com.br\/site\/loja\/"},{"@type":"ListItem","position":3,"name":"B-Side Mesh"}]},{"@type":"WebSite","@id":"https:\/\/comavemoveis.com.br\/site\/#website","url":"https:\/\/comavemoveis.com.br\/site\/","name":"Comave","description":"M\u00f3veis para Escrit\u00f3rio em Jundia\u00ed","publisher":{"@id":"https:\/\/comavemoveis.com.br\/site\/#organization"},"potentialAction":[{"@type":"SearchAction","target":{"@type":"EntryPoint","urlTemplate":"https:\/\/comavemoveis.com.br\/site\/?s={search_term_string}"},"query-input":{"@type":"PropertyValueSpecification","valueRequired":true,"valueName":"search_term_string"}}],"inLanguage":"pt-BR"},{"@type":"Organization","@id":"https:\/\/comavemoveis.com.br\/site\/#organization","name":"Comave","url":"https:\/\/comavemoveis.com.br\/site\/","logo":{"@type":"ImageObject","inLanguage":"pt-BR","@id":"https:\/\/comavemoveis.com.br\/site\/#\/schema\/logo\/image\/","url":"https:\/\/comavemoveis.com.br\/site\/wp-content\/uploads\/2016\/11\/comave2.jpg","contentUrl":"https:\/\/comavemoveis.com.br\/site\/wp-content\/uploads\/2016\/11\/comave2.jpg","width":148,"height":90,"caption":"Comave"},"image":{"@id":"https:\/\/comavemoveis.com.br\/site\/#\/schema\/logo\/image\/"},"sameAs":["https:\/\/web.facebook.com\/Comavemoveis"]}]}},"_links":{"self":[{"href":"https:\/\/comavemoveis.com.br\/site\/wp-json\/wp\/v2\/product\/3600","targetHints":{"allow":["GET"]}}],"collection":[{"href":"https:\/\/comavemoveis.com.br\/site\/wp-json\/wp\/v2\/product"}],"about":[{"href":"https:\/\/comavemoveis.com.br\/site\/wp-json\/wp\/v2\/types\/product"}],"wp:featuredmedia":[{"embeddable":true,"href":"https:\/\/comavemoveis.com.br\/site\/wp-json\/wp\/v2\/media\/3597"}],"wp:attachment":[{"href":"https:\/\/comavemoveis.com.br\/site\/wp-json\/wp\/v2\/media?parent=3600"}],"wp:term":[{"taxonomy":"product_brand","embeddable":true,"href":"https:\/\/comavemoveis.com.br\/site\/wp-json\/wp\/v2\/product_brand?post=3600"},{"taxonomy":"product_cat","embeddable":true,"href":"https:\/\/comavemoveis.com.br\/site\/wp-json\/wp\/v2\/product_cat?post=3600"},{"taxonomy":"product_tag","embeddable":true,"href":"https:\/\/comavemoveis.com.br\/site\/wp-json\/wp\/v2\/product_tag?post=3600"}],"curies":[{"name":"wp","href":"https:\/\/api.w.org\/{rel}","templated":true}]}}