{"id":3605,"date":"2025-07-17T12:24:27","date_gmt":"2025-07-17T15:24:27","guid":{"rendered":"https:\/\/comavemoveis.com.br\/site\/?post_type=product&#038;p=3605"},"modified":"2025-07-17T12:24:28","modified_gmt":"2025-07-17T15:24:28","slug":"brizza-presidente-soft","status":"publish","type":"product","link":"https:\/\/comavemoveis.com.br\/site\/produto\/brizza-presidente-soft\/","title":{"rendered":"Brizza Presidente Soft"},"content":{"rendered":"<p>A harmonia perfeita entre versatilidade e leveza com um impressionante toque de eleg\u00e2ncia \u00e9 o que nos encanta ao observar a Brizza Presidente. Toda a concep\u00e7\u00e3o da cadeira foi cuidadosamente pensada, a come\u00e7ar pelos rod\u00edzios. Nesta \u00e1rea as op\u00e7\u00f5es foram desenvolvidas justamente para se adaptarem aos diferentes tipos de piso, desde os mais irregulares at\u00e9 os mais lisos.<\/p>\n<p>Rod\u00edzios: PA ou PU<br \/>\nBases \/ Estruturas: Alum\u00ednio, A\u00e7o Cromado, Standard Diretor ou It\u00e1lia<br \/>\nMecanismos: Autocompensador, Relax, Back, Slider ou Sincron<br \/>\nApoios de bra\u00e7o: Regul\u00e1vel, Regul\u00e1vel PU, Shift ou Shift PU.<br \/>\nOpcionais: Encosto Fixo ou Regul\u00e1vel<br \/>\nCom ou sem apoio de cabe\u00e7a<\/p>\n<p>Suporte de peso 135kg<\/p>\n","protected":false},"excerpt":{"rendered":"<p>A harmonia perfeita entre versatilidade e leveza com um impressionante toque de eleg\u00e2ncia \u00e9 o que nos encanta ao observar a Brizza Presidente. Toda a concep\u00e7\u00e3o da cadeira foi cuidadosamente pensada, a come\u00e7ar pelos rod\u00edzios. Nesta \u00e1rea as op\u00e7\u00f5es foram desenvolvidas justamente para se adaptarem aos diferentes tipos de piso, desde os mais irregulares at\u00e9 [&hellip;]<\/p>\n","protected":false},"featured_media":3606,"template":"","meta":{"_et_pb_use_builder":"","_et_pb_old_content":"","_et_gb_content_width":"","_joinchat":[]},"product_brand":[],"product_cat":[139,180,182],"product_tag":[],"class_list":{"0":"post-3605","1":"product","2":"type-product","3":"status-publish","4":"has-post-thumbnail","6":"product_cat-cadeiras-e-poltronas","7":"product_cat-linha-ergonomicas-nr17-cadeiras-e-poltronas","8":"product_cat-linha-presidentediretor","10":"first","11":"instock","12":"shipping-taxable","13":"product-type-simple"},"yoast_head":"<!-- This site is optimized with the Yoast SEO plugin v27.0 - https:\/\/yoast.com\/product\/yoast-seo-wordpress\/ -->\n<title>Brizza Presidente Soft - Comave<\/title>\n<meta name=\"robots\" content=\"index, follow, max-snippet:-1, max-image-preview:large, max-video-preview:-1\" \/>\n<link rel=\"canonical\" href=\"https:\/\/comavemoveis.com.br\/site\/produto\/brizza-presidente-soft\/\" \/>\n<meta property=\"og:locale\" content=\"pt_BR\" \/>\n<meta property=\"og:type\" content=\"article\" \/>\n<meta property=\"og:title\" content=\"Brizza Presidente Soft - Comave\" \/>\n<meta property=\"og:description\" content=\"A harmonia perfeita entre versatilidade e leveza com um impressionante toque de eleg\u00e2ncia \u00e9 o que nos encanta ao observar a Brizza Presidente. Toda a concep\u00e7\u00e3o da cadeira foi cuidadosamente pensada, a come\u00e7ar pelos rod\u00edzios. Nesta \u00e1rea as op\u00e7\u00f5es foram desenvolvidas justamente para se adaptarem aos diferentes tipos de piso, desde os mais irregulares at\u00e9 [&hellip;]\" \/>\n<meta property=\"og:url\" content=\"https:\/\/comavemoveis.com.br\/site\/produto\/brizza-presidente-soft\/\" \/>\n<meta property=\"og:site_name\" content=\"Comave\" \/>\n<meta property=\"article:publisher\" content=\"https:\/\/web.facebook.com\/Comavemoveis\" \/>\n<meta property=\"article:modified_time\" content=\"2025-07-17T15:24:28+00:00\" \/>\n<meta property=\"og:image\" content=\"https:\/\/comavemoveis.com.br\/site\/wp-content\/uploads\/2025\/07\/brizza-presidente-soft.jpg\" \/>\n\t<meta property=\"og:image:width\" content=\"1100\" \/>\n\t<meta property=\"og:image:height\" content=\"1100\" \/>\n\t<meta property=\"og:image:type\" content=\"image\/jpeg\" \/>\n<meta name=\"twitter:card\" content=\"summary_large_image\" \/>\n<meta name=\"twitter:label1\" content=\"Est. tempo de leitura\" \/>\n\t<meta name=\"twitter:data1\" content=\"1 minuto\" \/>\n<script type=\"application\/ld+json\" class=\"yoast-schema-graph\">{\"@context\":\"https:\/\/schema.org\",\"@graph\":[{\"@type\":\"WebPage\",\"@id\":\"https:\/\/comavemoveis.com.br\/site\/produto\/brizza-presidente-soft\/\",\"url\":\"https:\/\/comavemoveis.com.br\/site\/produto\/brizza-presidente-soft\/\",\"name\":\"Brizza Presidente Soft - Comave\",\"isPartOf\":{\"@id\":\"https:\/\/comavemoveis.com.br\/site\/#website\"},\"primaryImageOfPage\":{\"@id\":\"https:\/\/comavemoveis.com.br\/site\/produto\/brizza-presidente-soft\/#primaryimage\"},\"image\":{\"@id\":\"https:\/\/comavemoveis.com.br\/site\/produto\/brizza-presidente-soft\/#primaryimage\"},\"thumbnailUrl\":\"https:\/\/comavemoveis.com.br\/site\/wp-content\/uploads\/2025\/07\/brizza-presidente-soft.jpg\",\"datePublished\":\"2025-07-17T15:24:27+00:00\",\"dateModified\":\"2025-07-17T15:24:28+00:00\",\"breadcrumb\":{\"@id\":\"https:\/\/comavemoveis.com.br\/site\/produto\/brizza-presidente-soft\/#breadcrumb\"},\"inLanguage\":\"pt-BR\",\"potentialAction\":[{\"@type\":\"ReadAction\",\"target\":[\"https:\/\/comavemoveis.com.br\/site\/produto\/brizza-presidente-soft\/\"]}]},{\"@type\":\"ImageObject\",\"inLanguage\":\"pt-BR\",\"@id\":\"https:\/\/comavemoveis.com.br\/site\/produto\/brizza-presidente-soft\/#primaryimage\",\"url\":\"https:\/\/comavemoveis.com.br\/site\/wp-content\/uploads\/2025\/07\/brizza-presidente-soft.jpg\",\"contentUrl\":\"https:\/\/comavemoveis.com.br\/site\/wp-content\/uploads\/2025\/07\/brizza-presidente-soft.jpg\",\"width\":1100,\"height\":1100},{\"@type\":\"BreadcrumbList\",\"@id\":\"https:\/\/comavemoveis.com.br\/site\/produto\/brizza-presidente-soft\/#breadcrumb\",\"itemListElement\":[{\"@type\":\"ListItem\",\"position\":1,\"name\":\"In\u00edcio\",\"item\":\"https:\/\/comavemoveis.com.br\/site\/\"},{\"@type\":\"ListItem\",\"position\":2,\"name\":\"Loja\",\"item\":\"https:\/\/comavemoveis.com.br\/site\/loja\/\"},{\"@type\":\"ListItem\",\"position\":3,\"name\":\"Brizza Presidente Soft\"}]},{\"@type\":\"WebSite\",\"@id\":\"https:\/\/comavemoveis.com.br\/site\/#website\",\"url\":\"https:\/\/comavemoveis.com.br\/site\/\",\"name\":\"Comave\",\"description\":\"M\u00f3veis para Escrit\u00f3rio em Jundia\u00ed\",\"publisher\":{\"@id\":\"https:\/\/comavemoveis.com.br\/site\/#organization\"},\"potentialAction\":[{\"@type\":\"SearchAction\",\"target\":{\"@type\":\"EntryPoint\",\"urlTemplate\":\"https:\/\/comavemoveis.com.br\/site\/?s={search_term_string}\"},\"query-input\":{\"@type\":\"PropertyValueSpecification\",\"valueRequired\":true,\"valueName\":\"search_term_string\"}}],\"inLanguage\":\"pt-BR\"},{\"@type\":\"Organization\",\"@id\":\"https:\/\/comavemoveis.com.br\/site\/#organization\",\"name\":\"Comave\",\"url\":\"https:\/\/comavemoveis.com.br\/site\/\",\"logo\":{\"@type\":\"ImageObject\",\"inLanguage\":\"pt-BR\",\"@id\":\"https:\/\/comavemoveis.com.br\/site\/#\/schema\/logo\/image\/\",\"url\":\"https:\/\/comavemoveis.com.br\/site\/wp-content\/uploads\/2016\/11\/comave2.jpg\",\"contentUrl\":\"https:\/\/comavemoveis.com.br\/site\/wp-content\/uploads\/2016\/11\/comave2.jpg\",\"width\":148,\"height\":90,\"caption\":\"Comave\"},\"image\":{\"@id\":\"https:\/\/comavemoveis.com.br\/site\/#\/schema\/logo\/image\/\"},\"sameAs\":[\"https:\/\/web.facebook.com\/Comavemoveis\"]}]}<\/script>\n<!-- \/ Yoast SEO plugin. -->","yoast_head_json":{"title":"Brizza Presidente Soft - Comave","robots":{"index":"index","follow":"follow","max-snippet":"max-snippet:-1","max-image-preview":"max-image-preview:large","max-video-preview":"max-video-preview:-1"},"canonical":"https:\/\/comavemoveis.com.br\/site\/produto\/brizza-presidente-soft\/","og_locale":"pt_BR","og_type":"article","og_title":"Brizza Presidente Soft - Comave","og_description":"A harmonia perfeita entre versatilidade e leveza com um impressionante toque de eleg\u00e2ncia \u00e9 o que nos encanta ao observar a Brizza Presidente. Toda a concep\u00e7\u00e3o da cadeira foi cuidadosamente pensada, a come\u00e7ar pelos rod\u00edzios. Nesta \u00e1rea as op\u00e7\u00f5es foram desenvolvidas justamente para se adaptarem aos diferentes tipos de piso, desde os mais irregulares at\u00e9 [&hellip;]","og_url":"https:\/\/comavemoveis.com.br\/site\/produto\/brizza-presidente-soft\/","og_site_name":"Comave","article_publisher":"https:\/\/web.facebook.com\/Comavemoveis","article_modified_time":"2025-07-17T15:24:28+00:00","og_image":[{"width":1100,"height":1100,"url":"https:\/\/comavemoveis.com.br\/site\/wp-content\/uploads\/2025\/07\/brizza-presidente-soft.jpg","type":"image\/jpeg"}],"twitter_card":"summary_large_image","twitter_misc":{"Est. tempo de leitura":"1 minuto"},"schema":{"@context":"https:\/\/schema.org","@graph":[{"@type":"WebPage","@id":"https:\/\/comavemoveis.com.br\/site\/produto\/brizza-presidente-soft\/","url":"https:\/\/comavemoveis.com.br\/site\/produto\/brizza-presidente-soft\/","name":"Brizza Presidente Soft - Comave","isPartOf":{"@id":"https:\/\/comavemoveis.com.br\/site\/#website"},"primaryImageOfPage":{"@id":"https:\/\/comavemoveis.com.br\/site\/produto\/brizza-presidente-soft\/#primaryimage"},"image":{"@id":"https:\/\/comavemoveis.com.br\/site\/produto\/brizza-presidente-soft\/#primaryimage"},"thumbnailUrl":"https:\/\/comavemoveis.com.br\/site\/wp-content\/uploads\/2025\/07\/brizza-presidente-soft.jpg","datePublished":"2025-07-17T15:24:27+00:00","dateModified":"2025-07-17T15:24:28+00:00","breadcrumb":{"@id":"https:\/\/comavemoveis.com.br\/site\/produto\/brizza-presidente-soft\/#breadcrumb"},"inLanguage":"pt-BR","potentialAction":[{"@type":"ReadAction","target":["https:\/\/comavemoveis.com.br\/site\/produto\/brizza-presidente-soft\/"]}]},{"@type":"ImageObject","inLanguage":"pt-BR","@id":"https:\/\/comavemoveis.com.br\/site\/produto\/brizza-presidente-soft\/#primaryimage","url":"https:\/\/comavemoveis.com.br\/site\/wp-content\/uploads\/2025\/07\/brizza-presidente-soft.jpg","contentUrl":"https:\/\/comavemoveis.com.br\/site\/wp-content\/uploads\/2025\/07\/brizza-presidente-soft.jpg","width":1100,"height":1100},{"@type":"BreadcrumbList","@id":"https:\/\/comavemoveis.com.br\/site\/produto\/brizza-presidente-soft\/#breadcrumb","itemListElement":[{"@type":"ListItem","position":1,"name":"In\u00edcio","item":"https:\/\/comavemoveis.com.br\/site\/"},{"@type":"ListItem","position":2,"name":"Loja","item":"https:\/\/comavemoveis.com.br\/site\/loja\/"},{"@type":"ListItem","position":3,"name":"Brizza Presidente Soft"}]},{"@type":"WebSite","@id":"https:\/\/comavemoveis.com.br\/site\/#website","url":"https:\/\/comavemoveis.com.br\/site\/","name":"Comave","description":"M\u00f3veis para Escrit\u00f3rio em Jundia\u00ed","publisher":{"@id":"https:\/\/comavemoveis.com.br\/site\/#organization"},"potentialAction":[{"@type":"SearchAction","target":{"@type":"EntryPoint","urlTemplate":"https:\/\/comavemoveis.com.br\/site\/?s={search_term_string}"},"query-input":{"@type":"PropertyValueSpecification","valueRequired":true,"valueName":"search_term_string"}}],"inLanguage":"pt-BR"},{"@type":"Organization","@id":"https:\/\/comavemoveis.com.br\/site\/#organization","name":"Comave","url":"https:\/\/comavemoveis.com.br\/site\/","logo":{"@type":"ImageObject","inLanguage":"pt-BR","@id":"https:\/\/comavemoveis.com.br\/site\/#\/schema\/logo\/image\/","url":"https:\/\/comavemoveis.com.br\/site\/wp-content\/uploads\/2016\/11\/comave2.jpg","contentUrl":"https:\/\/comavemoveis.com.br\/site\/wp-content\/uploads\/2016\/11\/comave2.jpg","width":148,"height":90,"caption":"Comave"},"image":{"@id":"https:\/\/comavemoveis.com.br\/site\/#\/schema\/logo\/image\/"},"sameAs":["https:\/\/web.facebook.com\/Comavemoveis"]}]}},"_links":{"self":[{"href":"https:\/\/comavemoveis.com.br\/site\/wp-json\/wp\/v2\/product\/3605","targetHints":{"allow":["GET"]}}],"collection":[{"href":"https:\/\/comavemoveis.com.br\/site\/wp-json\/wp\/v2\/product"}],"about":[{"href":"https:\/\/comavemoveis.com.br\/site\/wp-json\/wp\/v2\/types\/product"}],"wp:featuredmedia":[{"embeddable":true,"href":"https:\/\/comavemoveis.com.br\/site\/wp-json\/wp\/v2\/media\/3606"}],"wp:attachment":[{"href":"https:\/\/comavemoveis.com.br\/site\/wp-json\/wp\/v2\/media?parent=3605"}],"wp:term":[{"taxonomy":"product_brand","embeddable":true,"href":"https:\/\/comavemoveis.com.br\/site\/wp-json\/wp\/v2\/product_brand?post=3605"},{"taxonomy":"product_cat","embeddable":true,"href":"https:\/\/comavemoveis.com.br\/site\/wp-json\/wp\/v2\/product_cat?post=3605"},{"taxonomy":"product_tag","embeddable":true,"href":"https:\/\/comavemoveis.com.br\/site\/wp-json\/wp\/v2\/product_tag?post=3605"}],"curies":[{"name":"wp","href":"https:\/\/api.w.org\/{rel}","templated":true}]}}