{"id":3612,"date":"2025-07-17T12:31:16","date_gmt":"2025-07-17T15:31:16","guid":{"rendered":"https:\/\/comavemoveis.com.br\/site\/?post_type=product&#038;p=3612"},"modified":"2025-07-17T12:31:16","modified_gmt":"2025-07-17T15:31:16","slug":"izzy-presidente","status":"publish","type":"product","link":"https:\/\/comavemoveis.com.br\/site\/produto\/izzy-presidente\/","title":{"rendered":"Izzy Presidente"},"content":{"rendered":"<p>A linha Izzi foi criada para atender a demanda dos usu\u00e1rios por um produto inovador, moderno e confort\u00e1vel que permite diferentes composi\u00e7\u00f5es de bra\u00e7os, mecanismos e bases. \u00c9 a tradu\u00e7\u00e3o de requinte, qualidade e conforto.<\/p>\n<p>Rod\u00edzios: PU<br \/>\nBases \/ Estruturas: Alum\u00ednio, A\u00e7o Cromado, Standard e Piramidal.<br \/>\nMecanismos: Relax, Sincron e Slider.<br \/>\nApoios de bra\u00e7o: Regul\u00e1vel e 3D<br \/>\nOpcionais: Sem Bra\u00e7o<\/p>\n<p>Suporte de peso 110kg<\/p>\n","protected":false},"excerpt":{"rendered":"<p>A linha Izzi foi criada para atender a demanda dos usu\u00e1rios por um produto inovador, moderno e confort\u00e1vel que permite diferentes composi\u00e7\u00f5es de bra\u00e7os, mecanismos e bases. \u00c9 a tradu\u00e7\u00e3o de requinte, qualidade e conforto. Rod\u00edzios: PU Bases \/ Estruturas: Alum\u00ednio, A\u00e7o Cromado, Standard e Piramidal. Mecanismos: Relax, Sincron e Slider. Apoios de bra\u00e7o: Regul\u00e1vel [&hellip;]<\/p>\n","protected":false},"featured_media":3610,"template":"","meta":{"_et_pb_use_builder":"","_et_pb_old_content":"","_et_gb_content_width":"","_joinchat":[]},"product_brand":[],"product_cat":[139,182],"product_tag":[],"class_list":{"0":"post-3612","1":"product","2":"type-product","3":"status-publish","4":"has-post-thumbnail","6":"product_cat-cadeiras-e-poltronas","7":"product_cat-linha-presidentediretor","9":"first","10":"instock","11":"shipping-taxable","12":"product-type-simple"},"yoast_head":"<!-- This site is optimized with the Yoast SEO plugin v27.0 - https:\/\/yoast.com\/product\/yoast-seo-wordpress\/ -->\n<title>Izzy Presidente - Comave<\/title>\n<meta name=\"robots\" content=\"index, follow, max-snippet:-1, max-image-preview:large, max-video-preview:-1\" \/>\n<link rel=\"canonical\" href=\"https:\/\/comavemoveis.com.br\/site\/produto\/izzy-presidente\/\" \/>\n<meta property=\"og:locale\" content=\"pt_BR\" \/>\n<meta property=\"og:type\" content=\"article\" \/>\n<meta property=\"og:title\" content=\"Izzy Presidente - Comave\" \/>\n<meta property=\"og:description\" content=\"A linha Izzi foi criada para atender a demanda dos usu\u00e1rios por um produto inovador, moderno e confort\u00e1vel que permite diferentes composi\u00e7\u00f5es de bra\u00e7os, mecanismos e bases. \u00c9 a tradu\u00e7\u00e3o de requinte, qualidade e conforto. Rod\u00edzios: PU Bases \/ Estruturas: Alum\u00ednio, A\u00e7o Cromado, Standard e Piramidal. Mecanismos: Relax, Sincron e Slider. Apoios de bra\u00e7o: Regul\u00e1vel [&hellip;]\" \/>\n<meta property=\"og:url\" content=\"https:\/\/comavemoveis.com.br\/site\/produto\/izzy-presidente\/\" \/>\n<meta property=\"og:site_name\" content=\"Comave\" \/>\n<meta property=\"article:publisher\" content=\"https:\/\/web.facebook.com\/Comavemoveis\" \/>\n<meta property=\"og:image\" content=\"https:\/\/comavemoveis.com.br\/site\/wp-content\/uploads\/2025\/07\/izzi-presindente.jpg\" \/>\n\t<meta property=\"og:image:width\" content=\"1100\" \/>\n\t<meta property=\"og:image:height\" content=\"1100\" \/>\n\t<meta property=\"og:image:type\" content=\"image\/jpeg\" \/>\n<meta name=\"twitter:card\" content=\"summary_large_image\" \/>\n<meta name=\"twitter:label1\" content=\"Est. tempo de leitura\" \/>\n\t<meta name=\"twitter:data1\" content=\"1 minuto\" \/>\n<script type=\"application\/ld+json\" class=\"yoast-schema-graph\">{\"@context\":\"https:\/\/schema.org\",\"@graph\":[{\"@type\":\"WebPage\",\"@id\":\"https:\/\/comavemoveis.com.br\/site\/produto\/izzy-presidente\/\",\"url\":\"https:\/\/comavemoveis.com.br\/site\/produto\/izzy-presidente\/\",\"name\":\"Izzy Presidente - Comave\",\"isPartOf\":{\"@id\":\"https:\/\/comavemoveis.com.br\/site\/#website\"},\"primaryImageOfPage\":{\"@id\":\"https:\/\/comavemoveis.com.br\/site\/produto\/izzy-presidente\/#primaryimage\"},\"image\":{\"@id\":\"https:\/\/comavemoveis.com.br\/site\/produto\/izzy-presidente\/#primaryimage\"},\"thumbnailUrl\":\"https:\/\/comavemoveis.com.br\/site\/wp-content\/uploads\/2025\/07\/izzi-presindente.jpg\",\"datePublished\":\"2025-07-17T15:31:16+00:00\",\"breadcrumb\":{\"@id\":\"https:\/\/comavemoveis.com.br\/site\/produto\/izzy-presidente\/#breadcrumb\"},\"inLanguage\":\"pt-BR\",\"potentialAction\":[{\"@type\":\"ReadAction\",\"target\":[\"https:\/\/comavemoveis.com.br\/site\/produto\/izzy-presidente\/\"]}]},{\"@type\":\"ImageObject\",\"inLanguage\":\"pt-BR\",\"@id\":\"https:\/\/comavemoveis.com.br\/site\/produto\/izzy-presidente\/#primaryimage\",\"url\":\"https:\/\/comavemoveis.com.br\/site\/wp-content\/uploads\/2025\/07\/izzi-presindente.jpg\",\"contentUrl\":\"https:\/\/comavemoveis.com.br\/site\/wp-content\/uploads\/2025\/07\/izzi-presindente.jpg\",\"width\":1100,\"height\":1100},{\"@type\":\"BreadcrumbList\",\"@id\":\"https:\/\/comavemoveis.com.br\/site\/produto\/izzy-presidente\/#breadcrumb\",\"itemListElement\":[{\"@type\":\"ListItem\",\"position\":1,\"name\":\"In\u00edcio\",\"item\":\"https:\/\/comavemoveis.com.br\/site\/\"},{\"@type\":\"ListItem\",\"position\":2,\"name\":\"Loja\",\"item\":\"https:\/\/comavemoveis.com.br\/site\/loja\/\"},{\"@type\":\"ListItem\",\"position\":3,\"name\":\"Izzy Presidente\"}]},{\"@type\":\"WebSite\",\"@id\":\"https:\/\/comavemoveis.com.br\/site\/#website\",\"url\":\"https:\/\/comavemoveis.com.br\/site\/\",\"name\":\"Comave\",\"description\":\"M\u00f3veis para Escrit\u00f3rio em Jundia\u00ed\",\"publisher\":{\"@id\":\"https:\/\/comavemoveis.com.br\/site\/#organization\"},\"potentialAction\":[{\"@type\":\"SearchAction\",\"target\":{\"@type\":\"EntryPoint\",\"urlTemplate\":\"https:\/\/comavemoveis.com.br\/site\/?s={search_term_string}\"},\"query-input\":{\"@type\":\"PropertyValueSpecification\",\"valueRequired\":true,\"valueName\":\"search_term_string\"}}],\"inLanguage\":\"pt-BR\"},{\"@type\":\"Organization\",\"@id\":\"https:\/\/comavemoveis.com.br\/site\/#organization\",\"name\":\"Comave\",\"url\":\"https:\/\/comavemoveis.com.br\/site\/\",\"logo\":{\"@type\":\"ImageObject\",\"inLanguage\":\"pt-BR\",\"@id\":\"https:\/\/comavemoveis.com.br\/site\/#\/schema\/logo\/image\/\",\"url\":\"https:\/\/comavemoveis.com.br\/site\/wp-content\/uploads\/2016\/11\/comave2.jpg\",\"contentUrl\":\"https:\/\/comavemoveis.com.br\/site\/wp-content\/uploads\/2016\/11\/comave2.jpg\",\"width\":148,\"height\":90,\"caption\":\"Comave\"},\"image\":{\"@id\":\"https:\/\/comavemoveis.com.br\/site\/#\/schema\/logo\/image\/\"},\"sameAs\":[\"https:\/\/web.facebook.com\/Comavemoveis\"]}]}<\/script>\n<!-- \/ Yoast SEO plugin. -->","yoast_head_json":{"title":"Izzy Presidente - Comave","robots":{"index":"index","follow":"follow","max-snippet":"max-snippet:-1","max-image-preview":"max-image-preview:large","max-video-preview":"max-video-preview:-1"},"canonical":"https:\/\/comavemoveis.com.br\/site\/produto\/izzy-presidente\/","og_locale":"pt_BR","og_type":"article","og_title":"Izzy Presidente - Comave","og_description":"A linha Izzi foi criada para atender a demanda dos usu\u00e1rios por um produto inovador, moderno e confort\u00e1vel que permite diferentes composi\u00e7\u00f5es de bra\u00e7os, mecanismos e bases. \u00c9 a tradu\u00e7\u00e3o de requinte, qualidade e conforto. Rod\u00edzios: PU Bases \/ Estruturas: Alum\u00ednio, A\u00e7o Cromado, Standard e Piramidal. Mecanismos: Relax, Sincron e Slider. Apoios de bra\u00e7o: Regul\u00e1vel [&hellip;]","og_url":"https:\/\/comavemoveis.com.br\/site\/produto\/izzy-presidente\/","og_site_name":"Comave","article_publisher":"https:\/\/web.facebook.com\/Comavemoveis","og_image":[{"width":1100,"height":1100,"url":"https:\/\/comavemoveis.com.br\/site\/wp-content\/uploads\/2025\/07\/izzi-presindente.jpg","type":"image\/jpeg"}],"twitter_card":"summary_large_image","twitter_misc":{"Est. tempo de leitura":"1 minuto"},"schema":{"@context":"https:\/\/schema.org","@graph":[{"@type":"WebPage","@id":"https:\/\/comavemoveis.com.br\/site\/produto\/izzy-presidente\/","url":"https:\/\/comavemoveis.com.br\/site\/produto\/izzy-presidente\/","name":"Izzy Presidente - Comave","isPartOf":{"@id":"https:\/\/comavemoveis.com.br\/site\/#website"},"primaryImageOfPage":{"@id":"https:\/\/comavemoveis.com.br\/site\/produto\/izzy-presidente\/#primaryimage"},"image":{"@id":"https:\/\/comavemoveis.com.br\/site\/produto\/izzy-presidente\/#primaryimage"},"thumbnailUrl":"https:\/\/comavemoveis.com.br\/site\/wp-content\/uploads\/2025\/07\/izzi-presindente.jpg","datePublished":"2025-07-17T15:31:16+00:00","breadcrumb":{"@id":"https:\/\/comavemoveis.com.br\/site\/produto\/izzy-presidente\/#breadcrumb"},"inLanguage":"pt-BR","potentialAction":[{"@type":"ReadAction","target":["https:\/\/comavemoveis.com.br\/site\/produto\/izzy-presidente\/"]}]},{"@type":"ImageObject","inLanguage":"pt-BR","@id":"https:\/\/comavemoveis.com.br\/site\/produto\/izzy-presidente\/#primaryimage","url":"https:\/\/comavemoveis.com.br\/site\/wp-content\/uploads\/2025\/07\/izzi-presindente.jpg","contentUrl":"https:\/\/comavemoveis.com.br\/site\/wp-content\/uploads\/2025\/07\/izzi-presindente.jpg","width":1100,"height":1100},{"@type":"BreadcrumbList","@id":"https:\/\/comavemoveis.com.br\/site\/produto\/izzy-presidente\/#breadcrumb","itemListElement":[{"@type":"ListItem","position":1,"name":"In\u00edcio","item":"https:\/\/comavemoveis.com.br\/site\/"},{"@type":"ListItem","position":2,"name":"Loja","item":"https:\/\/comavemoveis.com.br\/site\/loja\/"},{"@type":"ListItem","position":3,"name":"Izzy Presidente"}]},{"@type":"WebSite","@id":"https:\/\/comavemoveis.com.br\/site\/#website","url":"https:\/\/comavemoveis.com.br\/site\/","name":"Comave","description":"M\u00f3veis para Escrit\u00f3rio em Jundia\u00ed","publisher":{"@id":"https:\/\/comavemoveis.com.br\/site\/#organization"},"potentialAction":[{"@type":"SearchAction","target":{"@type":"EntryPoint","urlTemplate":"https:\/\/comavemoveis.com.br\/site\/?s={search_term_string}"},"query-input":{"@type":"PropertyValueSpecification","valueRequired":true,"valueName":"search_term_string"}}],"inLanguage":"pt-BR"},{"@type":"Organization","@id":"https:\/\/comavemoveis.com.br\/site\/#organization","name":"Comave","url":"https:\/\/comavemoveis.com.br\/site\/","logo":{"@type":"ImageObject","inLanguage":"pt-BR","@id":"https:\/\/comavemoveis.com.br\/site\/#\/schema\/logo\/image\/","url":"https:\/\/comavemoveis.com.br\/site\/wp-content\/uploads\/2016\/11\/comave2.jpg","contentUrl":"https:\/\/comavemoveis.com.br\/site\/wp-content\/uploads\/2016\/11\/comave2.jpg","width":148,"height":90,"caption":"Comave"},"image":{"@id":"https:\/\/comavemoveis.com.br\/site\/#\/schema\/logo\/image\/"},"sameAs":["https:\/\/web.facebook.com\/Comavemoveis"]}]}},"_links":{"self":[{"href":"https:\/\/comavemoveis.com.br\/site\/wp-json\/wp\/v2\/product\/3612","targetHints":{"allow":["GET"]}}],"collection":[{"href":"https:\/\/comavemoveis.com.br\/site\/wp-json\/wp\/v2\/product"}],"about":[{"href":"https:\/\/comavemoveis.com.br\/site\/wp-json\/wp\/v2\/types\/product"}],"wp:featuredmedia":[{"embeddable":true,"href":"https:\/\/comavemoveis.com.br\/site\/wp-json\/wp\/v2\/media\/3610"}],"wp:attachment":[{"href":"https:\/\/comavemoveis.com.br\/site\/wp-json\/wp\/v2\/media?parent=3612"}],"wp:term":[{"taxonomy":"product_brand","embeddable":true,"href":"https:\/\/comavemoveis.com.br\/site\/wp-json\/wp\/v2\/product_brand?post=3612"},{"taxonomy":"product_cat","embeddable":true,"href":"https:\/\/comavemoveis.com.br\/site\/wp-json\/wp\/v2\/product_cat?post=3612"},{"taxonomy":"product_tag","embeddable":true,"href":"https:\/\/comavemoveis.com.br\/site\/wp-json\/wp\/v2\/product_tag?post=3612"}],"curies":[{"name":"wp","href":"https:\/\/api.w.org\/{rel}","templated":true}]}}