{"id":611,"date":"2017-02-20T13:49:10","date_gmt":"2017-02-20T13:49:10","guid":{"rendered":"http:\/\/comavemoveis.com.br\/site\/?post_type=product&#038;p=611"},"modified":"2024-05-22T17:27:34","modified_gmt":"2024-05-22T20:27:34","slug":"caixa-digitador-ergonomica-back-sistem-ii-nr17","status":"publish","type":"product","link":"https:\/\/comavemoveis.com.br\/site\/produto\/caixa-digitador-ergonomica-back-sistem-ii-nr17\/","title":{"rendered":"Caixa digitador ergon\u00f4mica Back Sistem II NR17"},"content":{"rendered":"<p>Cadeira Modelo executiva Caixa Back Sistem II, girat\u00f3ria com regulagem de altura do assento e do aro de apoio para p\u00e9s, sapatas fixas, assento e encosto em espuma injetada, revestidos em tecido ou corvim.<br \/>\nPossui regulagem de altura do encosto e regulagem de inclina\u00e7\u00e3o do encosto.<br \/>\nEsta cadeira est\u00e1 dentro das normas da NR17 \/ ABNT.<\/p>\n","protected":false},"excerpt":{"rendered":"<p>Cadeira Modelo executiva Caixa Back Sistem II, girat\u00f3ria com regulagem de altura do assento e do aro de apoio para p\u00e9s.<\/p>\n","protected":false},"featured_media":1501,"template":"","meta":{"_et_pb_use_builder":"","_et_pb_old_content":"","_et_gb_content_width":"","_joinchat":[]},"product_brand":[],"product_cat":[139,181],"product_tag":[],"class_list":{"0":"post-611","1":"product","2":"type-product","3":"status-publish","4":"has-post-thumbnail","6":"product_cat-cadeiras-e-poltronas","7":"product_cat-linha-caixa-operacional","9":"first","10":"instock","11":"shipping-taxable","12":"product-type-simple"},"yoast_head":"<!-- This site is optimized with the Yoast SEO plugin v27.0 - https:\/\/yoast.com\/product\/yoast-seo-wordpress\/ -->\n<title>Caixa digitador ergon\u00f4mica Back Sistem II NR17 - Comave<\/title>\n<meta name=\"robots\" content=\"index, follow, max-snippet:-1, max-image-preview:large, max-video-preview:-1\" \/>\n<link rel=\"canonical\" href=\"https:\/\/comavemoveis.com.br\/site\/produto\/caixa-digitador-ergonomica-back-sistem-ii-nr17\/\" \/>\n<meta property=\"og:locale\" content=\"pt_BR\" \/>\n<meta property=\"og:type\" content=\"article\" \/>\n<meta property=\"og:title\" content=\"Caixa digitador ergon\u00f4mica Back Sistem II NR17 - Comave\" \/>\n<meta property=\"og:description\" content=\"Cadeira Modelo executiva Caixa Back Sistem II, girat\u00f3ria com regulagem de altura do assento e do aro de apoio para p\u00e9s.\" \/>\n<meta property=\"og:url\" content=\"https:\/\/comavemoveis.com.br\/site\/produto\/caixa-digitador-ergonomica-back-sistem-ii-nr17\/\" \/>\n<meta property=\"og:site_name\" content=\"Comave\" \/>\n<meta property=\"article:publisher\" content=\"https:\/\/web.facebook.com\/Comavemoveis\" \/>\n<meta property=\"article:modified_time\" content=\"2024-05-22T20:27:34+00:00\" \/>\n<meta property=\"og:image\" content=\"https:\/\/comavemoveis.com.br\/site\/wp-content\/uploads\/2017\/02\/Sem-T\u00edtulo-67.jpg\" \/>\n\t<meta property=\"og:image:width\" content=\"400\" \/>\n\t<meta property=\"og:image:height\" content=\"400\" \/>\n\t<meta property=\"og:image:type\" content=\"image\/jpeg\" \/>\n<meta name=\"twitter:card\" content=\"summary_large_image\" \/>\n<meta name=\"twitter:label1\" content=\"Est. tempo de leitura\" \/>\n\t<meta name=\"twitter:data1\" content=\"1 minuto\" \/>\n<script type=\"application\/ld+json\" class=\"yoast-schema-graph\">{\"@context\":\"https:\/\/schema.org\",\"@graph\":[{\"@type\":\"WebPage\",\"@id\":\"https:\/\/comavemoveis.com.br\/site\/produto\/caixa-digitador-ergonomica-back-sistem-ii-nr17\/\",\"url\":\"https:\/\/comavemoveis.com.br\/site\/produto\/caixa-digitador-ergonomica-back-sistem-ii-nr17\/\",\"name\":\"Caixa digitador ergon\u00f4mica Back Sistem II NR17 - Comave\",\"isPartOf\":{\"@id\":\"https:\/\/comavemoveis.com.br\/site\/#website\"},\"primaryImageOfPage\":{\"@id\":\"https:\/\/comavemoveis.com.br\/site\/produto\/caixa-digitador-ergonomica-back-sistem-ii-nr17\/#primaryimage\"},\"image\":{\"@id\":\"https:\/\/comavemoveis.com.br\/site\/produto\/caixa-digitador-ergonomica-back-sistem-ii-nr17\/#primaryimage\"},\"thumbnailUrl\":\"https:\/\/comavemoveis.com.br\/site\/wp-content\/uploads\/2017\/02\/Sem-T\u00edtulo-67.jpg\",\"datePublished\":\"2017-02-20T13:49:10+00:00\",\"dateModified\":\"2024-05-22T20:27:34+00:00\",\"breadcrumb\":{\"@id\":\"https:\/\/comavemoveis.com.br\/site\/produto\/caixa-digitador-ergonomica-back-sistem-ii-nr17\/#breadcrumb\"},\"inLanguage\":\"pt-BR\",\"potentialAction\":[{\"@type\":\"ReadAction\",\"target\":[\"https:\/\/comavemoveis.com.br\/site\/produto\/caixa-digitador-ergonomica-back-sistem-ii-nr17\/\"]}]},{\"@type\":\"ImageObject\",\"inLanguage\":\"pt-BR\",\"@id\":\"https:\/\/comavemoveis.com.br\/site\/produto\/caixa-digitador-ergonomica-back-sistem-ii-nr17\/#primaryimage\",\"url\":\"https:\/\/comavemoveis.com.br\/site\/wp-content\/uploads\/2017\/02\/Sem-T\u00edtulo-67.jpg\",\"contentUrl\":\"https:\/\/comavemoveis.com.br\/site\/wp-content\/uploads\/2017\/02\/Sem-T\u00edtulo-67.jpg\",\"width\":400,\"height\":400},{\"@type\":\"BreadcrumbList\",\"@id\":\"https:\/\/comavemoveis.com.br\/site\/produto\/caixa-digitador-ergonomica-back-sistem-ii-nr17\/#breadcrumb\",\"itemListElement\":[{\"@type\":\"ListItem\",\"position\":1,\"name\":\"In\u00edcio\",\"item\":\"https:\/\/comavemoveis.com.br\/site\/\"},{\"@type\":\"ListItem\",\"position\":2,\"name\":\"Loja\",\"item\":\"https:\/\/comavemoveis.com.br\/site\/loja\/\"},{\"@type\":\"ListItem\",\"position\":3,\"name\":\"Caixa digitador ergon\u00f4mica Back Sistem II NR17\"}]},{\"@type\":\"WebSite\",\"@id\":\"https:\/\/comavemoveis.com.br\/site\/#website\",\"url\":\"https:\/\/comavemoveis.com.br\/site\/\",\"name\":\"Comave\",\"description\":\"M\u00f3veis para Escrit\u00f3rio em Jundia\u00ed\",\"publisher\":{\"@id\":\"https:\/\/comavemoveis.com.br\/site\/#organization\"},\"potentialAction\":[{\"@type\":\"SearchAction\",\"target\":{\"@type\":\"EntryPoint\",\"urlTemplate\":\"https:\/\/comavemoveis.com.br\/site\/?s={search_term_string}\"},\"query-input\":{\"@type\":\"PropertyValueSpecification\",\"valueRequired\":true,\"valueName\":\"search_term_string\"}}],\"inLanguage\":\"pt-BR\"},{\"@type\":\"Organization\",\"@id\":\"https:\/\/comavemoveis.com.br\/site\/#organization\",\"name\":\"Comave\",\"url\":\"https:\/\/comavemoveis.com.br\/site\/\",\"logo\":{\"@type\":\"ImageObject\",\"inLanguage\":\"pt-BR\",\"@id\":\"https:\/\/comavemoveis.com.br\/site\/#\/schema\/logo\/image\/\",\"url\":\"https:\/\/comavemoveis.com.br\/site\/wp-content\/uploads\/2016\/11\/comave2.jpg\",\"contentUrl\":\"https:\/\/comavemoveis.com.br\/site\/wp-content\/uploads\/2016\/11\/comave2.jpg\",\"width\":148,\"height\":90,\"caption\":\"Comave\"},\"image\":{\"@id\":\"https:\/\/comavemoveis.com.br\/site\/#\/schema\/logo\/image\/\"},\"sameAs\":[\"https:\/\/web.facebook.com\/Comavemoveis\"]}]}<\/script>\n<!-- \/ Yoast SEO plugin. -->","yoast_head_json":{"title":"Caixa digitador ergon\u00f4mica Back Sistem II NR17 - Comave","robots":{"index":"index","follow":"follow","max-snippet":"max-snippet:-1","max-image-preview":"max-image-preview:large","max-video-preview":"max-video-preview:-1"},"canonical":"https:\/\/comavemoveis.com.br\/site\/produto\/caixa-digitador-ergonomica-back-sistem-ii-nr17\/","og_locale":"pt_BR","og_type":"article","og_title":"Caixa digitador ergon\u00f4mica Back Sistem II NR17 - Comave","og_description":"Cadeira Modelo executiva Caixa Back Sistem II, girat\u00f3ria com regulagem de altura do assento e do aro de apoio para p\u00e9s.","og_url":"https:\/\/comavemoveis.com.br\/site\/produto\/caixa-digitador-ergonomica-back-sistem-ii-nr17\/","og_site_name":"Comave","article_publisher":"https:\/\/web.facebook.com\/Comavemoveis","article_modified_time":"2024-05-22T20:27:34+00:00","og_image":[{"width":400,"height":400,"url":"https:\/\/comavemoveis.com.br\/site\/wp-content\/uploads\/2017\/02\/Sem-T\u00edtulo-67.jpg","type":"image\/jpeg"}],"twitter_card":"summary_large_image","twitter_misc":{"Est. tempo de leitura":"1 minuto"},"schema":{"@context":"https:\/\/schema.org","@graph":[{"@type":"WebPage","@id":"https:\/\/comavemoveis.com.br\/site\/produto\/caixa-digitador-ergonomica-back-sistem-ii-nr17\/","url":"https:\/\/comavemoveis.com.br\/site\/produto\/caixa-digitador-ergonomica-back-sistem-ii-nr17\/","name":"Caixa digitador ergon\u00f4mica Back Sistem II NR17 - Comave","isPartOf":{"@id":"https:\/\/comavemoveis.com.br\/site\/#website"},"primaryImageOfPage":{"@id":"https:\/\/comavemoveis.com.br\/site\/produto\/caixa-digitador-ergonomica-back-sistem-ii-nr17\/#primaryimage"},"image":{"@id":"https:\/\/comavemoveis.com.br\/site\/produto\/caixa-digitador-ergonomica-back-sistem-ii-nr17\/#primaryimage"},"thumbnailUrl":"https:\/\/comavemoveis.com.br\/site\/wp-content\/uploads\/2017\/02\/Sem-T\u00edtulo-67.jpg","datePublished":"2017-02-20T13:49:10+00:00","dateModified":"2024-05-22T20:27:34+00:00","breadcrumb":{"@id":"https:\/\/comavemoveis.com.br\/site\/produto\/caixa-digitador-ergonomica-back-sistem-ii-nr17\/#breadcrumb"},"inLanguage":"pt-BR","potentialAction":[{"@type":"ReadAction","target":["https:\/\/comavemoveis.com.br\/site\/produto\/caixa-digitador-ergonomica-back-sistem-ii-nr17\/"]}]},{"@type":"ImageObject","inLanguage":"pt-BR","@id":"https:\/\/comavemoveis.com.br\/site\/produto\/caixa-digitador-ergonomica-back-sistem-ii-nr17\/#primaryimage","url":"https:\/\/comavemoveis.com.br\/site\/wp-content\/uploads\/2017\/02\/Sem-T\u00edtulo-67.jpg","contentUrl":"https:\/\/comavemoveis.com.br\/site\/wp-content\/uploads\/2017\/02\/Sem-T\u00edtulo-67.jpg","width":400,"height":400},{"@type":"BreadcrumbList","@id":"https:\/\/comavemoveis.com.br\/site\/produto\/caixa-digitador-ergonomica-back-sistem-ii-nr17\/#breadcrumb","itemListElement":[{"@type":"ListItem","position":1,"name":"In\u00edcio","item":"https:\/\/comavemoveis.com.br\/site\/"},{"@type":"ListItem","position":2,"name":"Loja","item":"https:\/\/comavemoveis.com.br\/site\/loja\/"},{"@type":"ListItem","position":3,"name":"Caixa digitador ergon\u00f4mica Back Sistem II NR17"}]},{"@type":"WebSite","@id":"https:\/\/comavemoveis.com.br\/site\/#website","url":"https:\/\/comavemoveis.com.br\/site\/","name":"Comave","description":"M\u00f3veis para Escrit\u00f3rio em Jundia\u00ed","publisher":{"@id":"https:\/\/comavemoveis.com.br\/site\/#organization"},"potentialAction":[{"@type":"SearchAction","target":{"@type":"EntryPoint","urlTemplate":"https:\/\/comavemoveis.com.br\/site\/?s={search_term_string}"},"query-input":{"@type":"PropertyValueSpecification","valueRequired":true,"valueName":"search_term_string"}}],"inLanguage":"pt-BR"},{"@type":"Organization","@id":"https:\/\/comavemoveis.com.br\/site\/#organization","name":"Comave","url":"https:\/\/comavemoveis.com.br\/site\/","logo":{"@type":"ImageObject","inLanguage":"pt-BR","@id":"https:\/\/comavemoveis.com.br\/site\/#\/schema\/logo\/image\/","url":"https:\/\/comavemoveis.com.br\/site\/wp-content\/uploads\/2016\/11\/comave2.jpg","contentUrl":"https:\/\/comavemoveis.com.br\/site\/wp-content\/uploads\/2016\/11\/comave2.jpg","width":148,"height":90,"caption":"Comave"},"image":{"@id":"https:\/\/comavemoveis.com.br\/site\/#\/schema\/logo\/image\/"},"sameAs":["https:\/\/web.facebook.com\/Comavemoveis"]}]}},"_links":{"self":[{"href":"https:\/\/comavemoveis.com.br\/site\/wp-json\/wp\/v2\/product\/611","targetHints":{"allow":["GET"]}}],"collection":[{"href":"https:\/\/comavemoveis.com.br\/site\/wp-json\/wp\/v2\/product"}],"about":[{"href":"https:\/\/comavemoveis.com.br\/site\/wp-json\/wp\/v2\/types\/product"}],"wp:featuredmedia":[{"embeddable":true,"href":"https:\/\/comavemoveis.com.br\/site\/wp-json\/wp\/v2\/media\/1501"}],"wp:attachment":[{"href":"https:\/\/comavemoveis.com.br\/site\/wp-json\/wp\/v2\/media?parent=611"}],"wp:term":[{"taxonomy":"product_brand","embeddable":true,"href":"https:\/\/comavemoveis.com.br\/site\/wp-json\/wp\/v2\/product_brand?post=611"},{"taxonomy":"product_cat","embeddable":true,"href":"https:\/\/comavemoveis.com.br\/site\/wp-json\/wp\/v2\/product_cat?post=611"},{"taxonomy":"product_tag","embeddable":true,"href":"https:\/\/comavemoveis.com.br\/site\/wp-json\/wp\/v2\/product_tag?post=611"}],"curies":[{"name":"wp","href":"https:\/\/api.w.org\/{rel}","templated":true}]}}